{"id":4027,"date":"2023-06-29T12:45:39","date_gmt":"2023-06-29T12:45:39","guid":{"rendered":"https:\/\/zensense.mu?page_id=4027"},"modified":"2025-04-16T15:16:03","modified_gmt":"2025-04-16T11:16:03","slug":"about-patricia-aliphon-consultant-coach-mauritius","status":"publish","type":"page","link":"https:\/\/zensense.mu\/fr\/about-patricia-aliphon-consultant-coach-mauritius\/","title":{"rendered":"A Propos"},"content":{"rendered":"<div data-elementor-type=\"wp-post\" data-elementor-id=\"4027\" class=\"elementor elementor-4027\">\n\t\t\t\t\t\t<section class=\"elementor-section elementor-top-section elementor-element elementor-element-bdf74dd elementor-section-stretched elementor-section-height-min-height elementor-section-boxed elementor-section-height-default elementor-section-items-middle\" data-id=\"bdf74dd\" data-element_type=\"section\" data-settings=\"{&quot;stretch_section&quot;:&quot;section-stretched&quot;,&quot;background_background&quot;:&quot;classic&quot;,&quot;shape_divider_bottom&quot;:&quot;tilt&quot;,&quot;dotlife_ext_is_background_parallax&quot;:&quot;false&quot;}\">\n\t\t\t\t\t<div class=\"elementor-shape elementor-shape-bottom\" data-negative=\"false\">\n\t\t\t<svg xmlns=\"http:\/\/www.w3.org\/2000\/svg\" viewbox=\"0 0 1000 100\" preserveaspectratio=\"none\">\n\t<path class=\"elementor-shape-fill\" d=\"M0,6V0h1000v100L0,6z\"\/>\n<\/svg>\t\t<\/div>\n\t\t\t\t\t<div class=\"elementor-container elementor-column-gap-default\">\n\t\t\t\t\t<div class=\"elementor-column elementor-col-50 elementor-top-column elementor-element elementor-element-1cc80b9\" data-id=\"1cc80b9\" data-element_type=\"column\" data-settings=\"{&quot;dotlife_ext_link_sidemenu&quot;:&quot;false&quot;,&quot;dotlife_ext_link_fullmenu&quot;:&quot;false&quot;,&quot;dotlife_ext_link_closed_fullmenu&quot;:&quot;false&quot;,&quot;dotlife_ext_is_scrollme&quot;:&quot;false&quot;,&quot;dotlife_ext_is_smoove&quot;:&quot;false&quot;,&quot;dotlife_ext_is_parallax_mouse&quot;:&quot;false&quot;,&quot;dotlife_ext_is_infinite&quot;:&quot;false&quot;,&quot;dotlife_ext_is_fadeout_animation&quot;:&quot;false&quot;,&quot;dotlife_ext_mobile_static&quot;:&quot;false&quot;}\">\n\t\t\t<div class=\"elementor-widget-wrap\">\n\t\t\t\t\t\t\t<\/div>\n\t\t<\/div>\n\t\t\t\t<div class=\"elementor-column elementor-col-50 elementor-top-column elementor-element elementor-element-6861164\" data-id=\"6861164\" data-element_type=\"column\" data-settings=\"{&quot;dotlife_ext_link_sidemenu&quot;:&quot;false&quot;,&quot;dotlife_ext_link_fullmenu&quot;:&quot;false&quot;,&quot;dotlife_ext_link_closed_fullmenu&quot;:&quot;false&quot;,&quot;dotlife_ext_is_scrollme&quot;:&quot;false&quot;,&quot;dotlife_ext_is_smoove&quot;:&quot;false&quot;,&quot;dotlife_ext_is_parallax_mouse&quot;:&quot;false&quot;,&quot;dotlife_ext_is_infinite&quot;:&quot;false&quot;,&quot;dotlife_ext_is_fadeout_animation&quot;:&quot;false&quot;,&quot;dotlife_ext_mobile_static&quot;:&quot;false&quot;}\">\n\t\t\t<div class=\"elementor-widget-wrap elementor-element-populated\">\n\t\t\t\t\t\t<div class=\"elementor-element elementor-element-d9c6f17 animated-fast elementor-invisible elementor-widget elementor-widget-heading\" data-id=\"d9c6f17\" data-element_type=\"widget\" data-settings=\"{&quot;_animation&quot;:&quot;fadeInUp&quot;,&quot;_animation_delay&quot;:0,&quot;dotlife_ext_link_sidemenu&quot;:&quot;false&quot;,&quot;dotlife_ext_link_fullmenu&quot;:&quot;false&quot;,&quot;dotlife_ext_link_closed_fullmenu&quot;:&quot;false&quot;,&quot;dotlife_ext_is_scrollme&quot;:&quot;false&quot;,&quot;dotlife_ext_is_smoove&quot;:&quot;false&quot;,&quot;dotlife_ext_is_parallax_mouse&quot;:&quot;false&quot;,&quot;dotlife_ext_is_infinite&quot;:&quot;false&quot;,&quot;dotlife_ext_is_fadeout_animation&quot;:&quot;false&quot;,&quot;dotlife_ext_mobile_static&quot;:&quot;false&quot;}\" data-widget_type=\"heading.default\">\n\t\t\t\t<div class=\"elementor-widget-container\">\n\t\t\t\t\t<span class=\"elementor-heading-title elementor-size-default\">MA PHILOSOPHIE<\/span>\t\t\t\t<\/div>\n\t\t\t\t<\/div>\n\t\t\t\t<div class=\"elementor-element elementor-element-16bdfbd animated-fast elementor-invisible elementor-widget elementor-widget-heading\" data-id=\"16bdfbd\" data-element_type=\"widget\" data-settings=\"{&quot;_animation&quot;:&quot;fadeInUp&quot;,&quot;_animation_delay&quot;:200,&quot;dotlife_ext_link_sidemenu&quot;:&quot;false&quot;,&quot;dotlife_ext_link_fullmenu&quot;:&quot;false&quot;,&quot;dotlife_ext_link_closed_fullmenu&quot;:&quot;false&quot;,&quot;dotlife_ext_is_scrollme&quot;:&quot;false&quot;,&quot;dotlife_ext_is_smoove&quot;:&quot;false&quot;,&quot;dotlife_ext_is_parallax_mouse&quot;:&quot;false&quot;,&quot;dotlife_ext_is_infinite&quot;:&quot;false&quot;,&quot;dotlife_ext_is_fadeout_animation&quot;:&quot;false&quot;,&quot;dotlife_ext_mobile_static&quot;:&quot;false&quot;}\" data-widget_type=\"heading.default\">\n\t\t\t\t<div class=\"elementor-widget-container translation-block\"><span class=\"elementor-heading-title elementor-size-default\">Construisons un <b>Futur<\/b> o\u00f9 vos \u00e9quipes s\u2019\u00e9panouissent<b> durablement et en harmonie <\/b> !<\/span><\/div>\n\t\t\t\t<\/div>\n\t\t\t\t\t<\/div>\n\t\t<\/div>\n\t\t\t\t\t<\/div>\n\t\t<\/section>\n\t\t\t\t<section class=\"elementor-section elementor-top-section elementor-element elementor-element-266db4c elementor-section-boxed elementor-section-height-default elementor-section-height-default\" data-id=\"266db4c\" data-element_type=\"section\" data-settings=\"{&quot;background_background&quot;:&quot;classic&quot;,&quot;dotlife_ext_is_background_parallax&quot;:&quot;false&quot;}\">\n\t\t\t\t\t\t<div class=\"elementor-container elementor-column-gap-default\">\n\t\t\t\t\t<div class=\"elementor-column elementor-col-100 elementor-top-column elementor-element elementor-element-b9d8254\" data-id=\"b9d8254\" data-element_type=\"column\" data-settings=\"{&quot;dotlife_ext_link_sidemenu&quot;:&quot;false&quot;,&quot;dotlife_ext_link_fullmenu&quot;:&quot;false&quot;,&quot;dotlife_ext_link_closed_fullmenu&quot;:&quot;false&quot;,&quot;dotlife_ext_is_scrollme&quot;:&quot;false&quot;,&quot;dotlife_ext_is_smoove&quot;:&quot;false&quot;,&quot;dotlife_ext_is_parallax_mouse&quot;:&quot;false&quot;,&quot;dotlife_ext_is_infinite&quot;:&quot;false&quot;,&quot;dotlife_ext_is_fadeout_animation&quot;:&quot;false&quot;,&quot;dotlife_ext_mobile_static&quot;:&quot;false&quot;}\">\n\t\t\t<div class=\"elementor-widget-wrap elementor-element-populated\">\n\t\t\t\t\t\t<div class=\"elementor-element elementor-element-52053b9 animated-fast elementor-invisible elementor-widget elementor-widget-heading\" data-id=\"52053b9\" data-element_type=\"widget\" data-settings=\"{&quot;_animation&quot;:&quot;fadeInUp&quot;,&quot;dotlife_ext_link_sidemenu&quot;:&quot;false&quot;,&quot;dotlife_ext_link_fullmenu&quot;:&quot;false&quot;,&quot;dotlife_ext_link_closed_fullmenu&quot;:&quot;false&quot;,&quot;dotlife_ext_is_scrollme&quot;:&quot;false&quot;,&quot;dotlife_ext_is_smoove&quot;:&quot;false&quot;,&quot;dotlife_ext_is_parallax_mouse&quot;:&quot;false&quot;,&quot;dotlife_ext_is_infinite&quot;:&quot;false&quot;,&quot;dotlife_ext_is_fadeout_animation&quot;:&quot;false&quot;,&quot;dotlife_ext_mobile_static&quot;:&quot;false&quot;}\" data-widget_type=\"heading.default\">\n\t\t\t\t<div class=\"elementor-widget-container\">\n\t\t\t\t\t<h2 class=\"elementor-heading-title elementor-size-default\">\u00c0 PROPOS DE MOI<span class=\"verline\"><\/span><\/h2>\t\t\t\t<\/div>\n\t\t\t\t<\/div>\n\t\t\t\t<div class=\"elementor-element elementor-element-48097e8 elementor-widget elementor-widget-text-editor\" data-id=\"48097e8\" data-element_type=\"widget\" data-settings=\"{&quot;dotlife_ext_link_sidemenu&quot;:&quot;false&quot;,&quot;dotlife_ext_link_fullmenu&quot;:&quot;false&quot;,&quot;dotlife_ext_link_closed_fullmenu&quot;:&quot;false&quot;,&quot;dotlife_ext_is_scrollme&quot;:&quot;false&quot;,&quot;dotlife_ext_is_smoove&quot;:&quot;false&quot;,&quot;dotlife_ext_is_parallax_mouse&quot;:&quot;false&quot;,&quot;dotlife_ext_is_infinite&quot;:&quot;false&quot;,&quot;dotlife_ext_is_fadeout_animation&quot;:&quot;false&quot;,&quot;dotlife_ext_mobile_static&quot;:&quot;false&quot;}\" data-widget_type=\"text-editor.default\">\n\t\t\t\t<div class=\"elementor-widget-container\">\n\t\t\t\t\t\t\t\t\t<p>Aujourd'hui, les entreprises et les entrepreneurs \u00e9voluent dans un environnement volatile, incertain, complexe et ambigu (VICA). Les \u00e9volutions sont rapides, les march\u00e9s sont plus exigeants et la main-d'\u0153uvre a davantage d'attentes dans les sph\u00e8res professionnelles. Ayant dirig\u00e9 des entreprises prosp\u00e8res avant de devenir entrepreneure moi-m\u00eame, je m\u2019engage pleinement \u00e0 aider votre entreprise \u00e0 atteindre un succ\u00e8s p\u00e9renne, en exploitant des opportunit\u00e9s \u00e9mergentes et en cr\u00e9ant un \u00e9cosyst\u00e8me commercial structur\u00e9 pour votre tranquillit\u00e9 d'esprit.<\/p><p><span style=\"font-size: 20px; letter-spacing: 0px;\">Ma mission est de faire prosp\u00e9rer les entreprises de mani\u00e8re durable, en s'adaptant de mani\u00e8re flexible aux changements tout en envisageant sereinement l'avenir.<\/span><\/p><p><span style=\"font-size: 20px; letter-spacing: 0px;\">Mes exp\u00e9riences professionnelles pass\u00e9es, que ce soit dans des multinationales, des conglom\u00e9rats, ou en travaillant avec de grands entrepreneurs et des leaders aguerris, m'ont permis d'acqu\u00e9rir une multitude de comp\u00e9tences et m'ont offert des points de vue enrichissants. Aujourd'hui, je partage ces connaissances avec des entrepreneurs ambitieux et engag\u00e9s ainsi qu'avec des organisations d\u00e9sireuses de progresser.<\/span><\/p><p><span style=\"font-size: 20px; letter-spacing: 0px;\">Ah, ai-je mentionn\u00e9 ma passion pour la co-cr\u00e9ation avec mes clients ? Nous ne nous contentons pas de g\u00e9n\u00e9rer des id\u00e9es avant-gardistes lors de nos sessions de brainstorming, mais nous \u00e9changeons des perspectives uniques qui sont \u00e0 la base d'un changement rentable. Le c\u00f4t\u00e9 plaisant r\u00e9side dans le partage de nos diff\u00e9rences culturelles, les transformant en intentions communes au milieu de moments de rires d\u00e9tendus. Actuellement bas\u00e9e \u00e0 Maurice, mais travaillant avec des clients internationaux, je serai ravie de vous entendre, o\u00f9 que vous soyez dans le monde.<br \/><\/span><br \/>Aujourd'hui pourrait \u00eatre un nouveau d\u00e9part pour vos activit\u00e9s professionnelles !<\/p>\t\t\t\t\t\t\t\t<\/div>\n\t\t\t\t<\/div>\n\t\t\t\t<div class=\"elementor-element elementor-element-68a5d6e animated-fast elementor-invisible elementor-widget elementor-widget-heading\" data-id=\"68a5d6e\" data-element_type=\"widget\" data-settings=\"{&quot;_animation&quot;:&quot;fadeInUp&quot;,&quot;dotlife_ext_link_sidemenu&quot;:&quot;false&quot;,&quot;dotlife_ext_link_fullmenu&quot;:&quot;false&quot;,&quot;dotlife_ext_link_closed_fullmenu&quot;:&quot;false&quot;,&quot;dotlife_ext_is_scrollme&quot;:&quot;false&quot;,&quot;dotlife_ext_is_smoove&quot;:&quot;false&quot;,&quot;dotlife_ext_is_parallax_mouse&quot;:&quot;false&quot;,&quot;dotlife_ext_is_infinite&quot;:&quot;false&quot;,&quot;dotlife_ext_is_fadeout_animation&quot;:&quot;false&quot;,&quot;dotlife_ext_mobile_static&quot;:&quot;false&quot;}\" data-widget_type=\"heading.default\">\n\t\t\t\t<div class=\"elementor-widget-container\">\n\t\t\t\t\t<h2 class=\"elementor-heading-title elementor-size-default\">COMMENT JE PEUX AIDER<span class=\"verline\"><\/span><\/h2>\t\t\t\t<\/div>\n\t\t\t\t<\/div>\n\t\t\t\t<div class=\"elementor-element elementor-element-e346a60 elementor-widget elementor-widget-text-editor\" data-id=\"e346a60\" data-element_type=\"widget\" data-settings=\"{&quot;dotlife_ext_link_sidemenu&quot;:&quot;false&quot;,&quot;dotlife_ext_link_fullmenu&quot;:&quot;false&quot;,&quot;dotlife_ext_link_closed_fullmenu&quot;:&quot;false&quot;,&quot;dotlife_ext_is_scrollme&quot;:&quot;false&quot;,&quot;dotlife_ext_is_smoove&quot;:&quot;false&quot;,&quot;dotlife_ext_is_parallax_mouse&quot;:&quot;false&quot;,&quot;dotlife_ext_is_infinite&quot;:&quot;false&quot;,&quot;dotlife_ext_is_fadeout_animation&quot;:&quot;false&quot;,&quot;dotlife_ext_mobile_static&quot;:&quot;false&quot;}\" data-widget_type=\"text-editor.default\">\n\t\t\t\t<div class=\"elementor-widget-container\">\n\t\t\t\t\t\t\t\t\t<p>En tant que consultante en affaires, je travaille en \u00e9troite collaboration avec les organisations pour stimuler leur croissance et leur prosp\u00e9rit\u00e9, en alignant strat\u00e9gie, \u00e9quipe et rentabilit\u00e9.<\/p><p>En tant que formatrice en leadership, j'accompagne les cadres actuels et \u00e9mergents dans le d\u00e9veloppement de leurs comp\u00e9tences en leadership, en cr\u00e9ant un environnement propice o\u00f9 leur croissance aura un impact positif sur l'\u00e9cosyst\u00e8me de leur entreprise.<\/p><p>En tant que coach en affaires, mon r\u00f4le consiste \u00e0 aider les entrepreneurs \u00e0 structurer leurs entreprises et \u00e0 relever les d\u00e9fis avec agilit\u00e9, tout en encourageant un \u00e9tat d'esprit ax\u00e9 sur la croissance et la r\u00e9silience.<\/p><p>Et en tant qu'administratrice non ex\u00e9cutive ind\u00e9pendante au sein de conseils d'administration, j\u2019apporte mon expertise et mon exp\u00e9rience approfondie dans des secteurs cl\u00e9s visant \u00e0 accro\u00eetre la valeur pour les actionnaires, \u00e0 renforcer l'attrait pour les investisseurs, et \u00e0 fa\u00e7onner la vision strat\u00e9gique de l'entreprise.<\/p><p>Rejoignez-moi dans cette passionnante aventure de croissance pour r\u00e9v\u00e9ler votre plein potentiel !<\/p>\t\t\t\t\t\t\t\t<\/div>\n\t\t\t\t<\/div>\n\t\t\t\t\t<\/div>\n\t\t<\/div>\n\t\t\t\t\t<\/div>\n\t\t<\/section>\n\t\t\t\t<\/div>","protected":false},"excerpt":{"rendered":"<p>MY PHILOSOPHY Let&#8217;s Create a Future where your Teams Thrive ! ABOUT ME Today businesses and entrepreneurs navigate in a [&hellip;]<\/p>","protected":false},"author":2,"featured_media":0,"parent":0,"menu_order":0,"comment_status":"closed","ping_status":"closed","template":"","meta":{"om_disable_all_campaigns":false,"_monsterinsights_skip_tracking":false,"_monsterinsights_sitenote_active":false,"_monsterinsights_sitenote_note":"","_monsterinsights_sitenote_category":0,"footnotes":""},"class_list":["post-4027","page","type-page","status-publish","hentry"],"yoast_head":"<!-- This site is optimized with the Yoast SEO plugin v24.8.1 - https:\/\/yoast.com\/wordpress\/plugins\/seo\/ -->\n<title>Patricia from Zensense: Business Consulting &amp; Coaching in Mauritius<\/title>\n<meta name=\"description\" content=\"Navigate today&#039;s challenging business environment with Patricia from Zensense. Offering business consulting, corporate training, and tailored coaching, she empowers businesses and entrepreneurs to achieve sustainable success. Based in Mauritius but serving clients globally.\" \/>\n<meta name=\"robots\" content=\"index, follow, max-snippet:-1, max-image-preview:large, max-video-preview:-1\" \/>\n<link rel=\"canonical\" href=\"https:\/\/zensense.mu\/fr\/about-patricia-aliphon-consultant-coach-mauritius\/\" \/>\n<meta property=\"og:locale\" content=\"fr_FR\" \/>\n<meta property=\"og:type\" content=\"article\" \/>\n<meta property=\"og:title\" content=\"Patricia from Zensense: Business Consulting &amp; Coaching in Mauritius\" \/>\n<meta property=\"og:description\" content=\"Navigate today&#039;s challenging business environment with Patricia from Zensense. Offering business consulting, corporate training, and tailored coaching, she empowers businesses and entrepreneurs to achieve sustainable success. Based in Mauritius but serving clients globally.\" \/>\n<meta property=\"og:url\" content=\"https:\/\/zensense.mu\/fr\/about-patricia-aliphon-consultant-coach-mauritius\/\" \/>\n<meta property=\"og:site_name\" content=\"Zensense\" \/>\n<meta property=\"article:publisher\" content=\"https:\/\/www.facebook.com\/Zensense.mu\" \/>\n<meta property=\"article:modified_time\" content=\"2025-04-16T11:16:03+00:00\" \/>\n<meta name=\"twitter:card\" content=\"summary_large_image\" \/>\n<meta name=\"twitter:label1\" content=\"Dur\u00e9e de lecture estim\u00e9e\" \/>\n\t<meta name=\"twitter:data1\" content=\"2 minutes\" \/>\n<script type=\"application\/ld+json\" class=\"yoast-schema-graph\">{\"@context\":\"https:\/\/schema.org\",\"@graph\":[{\"@type\":\"WebPage\",\"@id\":\"https:\/\/zensense.mu\/about-patricia-aliphon-consultant-coach-mauritius\/\",\"url\":\"https:\/\/zensense.mu\/about-patricia-aliphon-consultant-coach-mauritius\/\",\"name\":\"Patricia from Zensense: Business Consulting & Coaching in Mauritius\",\"isPartOf\":{\"@id\":\"https:\/\/zensense.mu\/#website\"},\"datePublished\":\"2023-06-29T12:45:39+00:00\",\"dateModified\":\"2025-04-16T11:16:03+00:00\",\"description\":\"Navigate today's challenging business environment with Patricia from Zensense. Offering business consulting, corporate training, and tailored coaching, she empowers businesses and entrepreneurs to achieve sustainable success. Based in Mauritius but serving clients globally.\",\"breadcrumb\":{\"@id\":\"https:\/\/zensense.mu\/about-patricia-aliphon-consultant-coach-mauritius\/#breadcrumb\"},\"inLanguage\":\"fr-FR\",\"potentialAction\":[{\"@type\":\"ReadAction\",\"target\":[\"https:\/\/zensense.mu\/about-patricia-aliphon-consultant-coach-mauritius\/\"]}]},{\"@type\":\"BreadcrumbList\",\"@id\":\"https:\/\/zensense.mu\/about-patricia-aliphon-consultant-coach-mauritius\/#breadcrumb\",\"itemListElement\":[{\"@type\":\"ListItem\",\"position\":1,\"name\":\"Home\",\"item\":\"https:\/\/zensense.mu\/\"},{\"@type\":\"ListItem\",\"position\":2,\"name\":\"About Me\"}]},{\"@type\":\"WebSite\",\"@id\":\"https:\/\/zensense.mu\/#website\",\"url\":\"https:\/\/zensense.mu\/\",\"name\":\"Zensense.mu\",\"description\":\"Grow your potential\",\"publisher\":{\"@id\":\"https:\/\/zensense.mu\/#organization\"},\"potentialAction\":[{\"@type\":\"SearchAction\",\"target\":{\"@type\":\"EntryPoint\",\"urlTemplate\":\"https:\/\/zensense.mu\/?s={search_term_string}\"},\"query-input\":{\"@type\":\"PropertyValueSpecification\",\"valueRequired\":true,\"valueName\":\"search_term_string\"}}],\"inLanguage\":\"fr-FR\"},{\"@type\":\"Organization\",\"@id\":\"https:\/\/zensense.mu\/#organization\",\"name\":\"Zensense.mu\",\"url\":\"https:\/\/zensense.mu\/\",\"logo\":{\"@type\":\"ImageObject\",\"inLanguage\":\"fr-FR\",\"@id\":\"https:\/\/zensense.mu\/#\/schema\/logo\/image\/\",\"url\":\"https:\/\/i0.wp.com\/zensense.mu\/wp-content\/uploads\/2023\/07\/Zensense.mu_Logo_5005x500.png?fit=500%2C500&ssl=1\",\"contentUrl\":\"https:\/\/i0.wp.com\/zensense.mu\/wp-content\/uploads\/2023\/07\/Zensense.mu_Logo_5005x500.png?fit=500%2C500&ssl=1\",\"width\":500,\"height\":500,\"caption\":\"Zensense.mu\"},\"image\":{\"@id\":\"https:\/\/zensense.mu\/#\/schema\/logo\/image\/\"},\"sameAs\":[\"https:\/\/www.facebook.com\/Zensense.mu\"]}]}<\/script>\n<!-- \/ Yoast SEO plugin. -->","yoast_head_json":{"title":"Patricia from Zensense: Business Consulting & Coaching in Mauritius","description":"Navigate today's challenging business environment with Patricia from Zensense. Offering business consulting, corporate training, and tailored coaching, she empowers businesses and entrepreneurs to achieve sustainable success. Based in Mauritius but serving clients globally.","robots":{"index":"index","follow":"follow","max-snippet":"max-snippet:-1","max-image-preview":"max-image-preview:large","max-video-preview":"max-video-preview:-1"},"canonical":"https:\/\/zensense.mu\/fr\/about-patricia-aliphon-consultant-coach-mauritius\/","og_locale":"fr_FR","og_type":"article","og_title":"Patricia from Zensense: Business Consulting & Coaching in Mauritius","og_description":"Navigate today's challenging business environment with Patricia from Zensense. Offering business consulting, corporate training, and tailored coaching, she empowers businesses and entrepreneurs to achieve sustainable success. Based in Mauritius but serving clients globally.","og_url":"https:\/\/zensense.mu\/fr\/about-patricia-aliphon-consultant-coach-mauritius\/","og_site_name":"Zensense","article_publisher":"https:\/\/www.facebook.com\/Zensense.mu","article_modified_time":"2025-04-16T11:16:03+00:00","twitter_card":"summary_large_image","twitter_misc":{"Dur\u00e9e de lecture estim\u00e9e":"2 minutes"},"schema":{"@context":"https:\/\/schema.org","@graph":[{"@type":"WebPage","@id":"https:\/\/zensense.mu\/about-patricia-aliphon-consultant-coach-mauritius\/","url":"https:\/\/zensense.mu\/about-patricia-aliphon-consultant-coach-mauritius\/","name":"Patricia from Zensense: Business Consulting & Coaching in Mauritius","isPartOf":{"@id":"https:\/\/zensense.mu\/#website"},"datePublished":"2023-06-29T12:45:39+00:00","dateModified":"2025-04-16T11:16:03+00:00","description":"Navigate today's challenging business environment with Patricia from Zensense. Offering business consulting, corporate training, and tailored coaching, she empowers businesses and entrepreneurs to achieve sustainable success. Based in Mauritius but serving clients globally.","breadcrumb":{"@id":"https:\/\/zensense.mu\/about-patricia-aliphon-consultant-coach-mauritius\/#breadcrumb"},"inLanguage":"fr-FR","potentialAction":[{"@type":"ReadAction","target":["https:\/\/zensense.mu\/about-patricia-aliphon-consultant-coach-mauritius\/"]}]},{"@type":"BreadcrumbList","@id":"https:\/\/zensense.mu\/about-patricia-aliphon-consultant-coach-mauritius\/#breadcrumb","itemListElement":[{"@type":"ListItem","position":1,"name":"Home","item":"https:\/\/zensense.mu\/"},{"@type":"ListItem","position":2,"name":"About Me"}]},{"@type":"WebSite","@id":"https:\/\/zensense.mu\/#website","url":"https:\/\/zensense.mu\/","name":"Zensense.mu","description":"Grow your potential","publisher":{"@id":"https:\/\/zensense.mu\/#organization"},"potentialAction":[{"@type":"SearchAction","target":{"@type":"EntryPoint","urlTemplate":"https:\/\/zensense.mu\/?s={search_term_string}"},"query-input":{"@type":"PropertyValueSpecification","valueRequired":true,"valueName":"search_term_string"}}],"inLanguage":"fr-FR"},{"@type":"Organization","@id":"https:\/\/zensense.mu\/#organization","name":"Zensense.mu","url":"https:\/\/zensense.mu\/","logo":{"@type":"ImageObject","inLanguage":"fr-FR","@id":"https:\/\/zensense.mu\/#\/schema\/logo\/image\/","url":"https:\/\/i0.wp.com\/zensense.mu\/wp-content\/uploads\/2023\/07\/Zensense.mu_Logo_5005x500.png?fit=500%2C500&ssl=1","contentUrl":"https:\/\/i0.wp.com\/zensense.mu\/wp-content\/uploads\/2023\/07\/Zensense.mu_Logo_5005x500.png?fit=500%2C500&ssl=1","width":500,"height":500,"caption":"Zensense.mu"},"image":{"@id":"https:\/\/zensense.mu\/#\/schema\/logo\/image\/"},"sameAs":["https:\/\/www.facebook.com\/Zensense.mu"]}]}},"_links":{"self":[{"href":"https:\/\/zensense.mu\/fr\/wp-json\/wp\/v2\/pages\/4027","targetHints":{"allow":["GET"]}}],"collection":[{"href":"https:\/\/zensense.mu\/fr\/wp-json\/wp\/v2\/pages"}],"about":[{"href":"https:\/\/zensense.mu\/fr\/wp-json\/wp\/v2\/types\/page"}],"author":[{"embeddable":true,"href":"https:\/\/zensense.mu\/fr\/wp-json\/wp\/v2\/users\/2"}],"replies":[{"embeddable":true,"href":"https:\/\/zensense.mu\/fr\/wp-json\/wp\/v2\/comments?post=4027"}],"version-history":[{"count":8,"href":"https:\/\/zensense.mu\/fr\/wp-json\/wp\/v2\/pages\/4027\/revisions"}],"predecessor-version":[{"id":5435,"href":"https:\/\/zensense.mu\/fr\/wp-json\/wp\/v2\/pages\/4027\/revisions\/5435"}],"wp:attachment":[{"href":"https:\/\/zensense.mu\/fr\/wp-json\/wp\/v2\/media?parent=4027"}],"curies":[{"name":"wp","href":"https:\/\/api.w.org\/{rel}","templated":true}]}}