{"id":4436,"date":"2023-07-03T17:48:27","date_gmt":"2023-07-03T17:48:27","guid":{"rendered":"https:\/\/zensense.mu?page_id=4436"},"modified":"2025-04-16T15:25:54","modified_gmt":"2025-04-16T11:25:54","slug":"growth-mindset-challenges-and-opportunities","status":"publish","type":"page","link":"https:\/\/zensense.mu\/fr\/growth-mindset-challenges-and-opportunities\/","title":{"rendered":"Esprit de Croissance \u2013 D\u00e9fis et Opportunit\u00e9s"},"content":{"rendered":"<div data-elementor-type=\"wp-page\" data-elementor-id=\"4436\" class=\"elementor elementor-4436\">\n\t\t\t\t<section class=\"elementor-section elementor-top-section elementor-element elementor-element-79efdc81 elementor-section-boxed elementor-section-height-default elementor-section-height-default\" data-id=\"79efdc81\" data-element_type=\"section\" data-settings=\"{&quot;dotlife_ext_is_background_parallax&quot;:&quot;false&quot;}\">\n\t\t\t\t\t\t<div class=\"elementor-container elementor-column-gap-default\">\n\t\t\t\t\t<div class=\"elementor-column elementor-col-100 elementor-top-column elementor-element elementor-element-2908b244\" data-id=\"2908b244\" data-element_type=\"column\" data-settings=\"{&quot;dotlife_ext_link_sidemenu&quot;:&quot;false&quot;,&quot;dotlife_ext_link_fullmenu&quot;:&quot;false&quot;,&quot;dotlife_ext_link_closed_fullmenu&quot;:&quot;false&quot;,&quot;dotlife_ext_is_scrollme&quot;:&quot;false&quot;,&quot;dotlife_ext_is_smoove&quot;:&quot;false&quot;,&quot;dotlife_ext_is_parallax_mouse&quot;:&quot;false&quot;,&quot;dotlife_ext_is_infinite&quot;:&quot;false&quot;,&quot;dotlife_ext_is_fadeout_animation&quot;:&quot;false&quot;,&quot;dotlife_ext_mobile_static&quot;:&quot;false&quot;}\">\n\t\t\t<div class=\"elementor-widget-wrap elementor-element-populated\">\n\t\t\t\t\t\t<div class=\"elementor-element elementor-element-6e86a39e elementor-widget elementor-widget-text-editor\" data-id=\"6e86a39e\" data-element_type=\"widget\" data-settings=\"{&quot;dotlife_ext_link_sidemenu&quot;:&quot;false&quot;,&quot;dotlife_ext_link_fullmenu&quot;:&quot;false&quot;,&quot;dotlife_ext_link_closed_fullmenu&quot;:&quot;false&quot;,&quot;dotlife_ext_is_scrollme&quot;:&quot;false&quot;,&quot;dotlife_ext_is_smoove&quot;:&quot;false&quot;,&quot;dotlife_ext_is_parallax_mouse&quot;:&quot;false&quot;,&quot;dotlife_ext_is_infinite&quot;:&quot;false&quot;,&quot;dotlife_ext_is_fadeout_animation&quot;:&quot;false&quot;,&quot;dotlife_ext_mobile_static&quot;:&quot;false&quot;}\" data-widget_type=\"text-editor.default\">\n\t\t\t\t<div class=\"elementor-widget-container\"><h3 class=\"wp-block-heading\"><strong>Aper\u00e7u : <\/strong><\/h3>\n<p>Dans le paysage commercial comp\u00e9titif d'aujourd'hui, cultiver un esprit de croissance est devenu essentiel pour que les individus et les organisations prosp\u00e8rent. Ce cours dynamique d'une journ\u00e9e est con\u00e7u pour doter les professionnels des connaissances et des outils n\u00e9cessaires pour d\u00e9velopper un esprit de croissance, surmonter les d\u00e9fis et saisir les opportunit\u00e9s de croissance personnelle et professionnelle. Anim\u00e9 par un formateur d'entreprise hautement qualifi\u00e9 et exp\u00e9riment\u00e9 avec une expertise en C-suite, ce cours offre des id\u00e9es pr\u00e9cieuses et des strat\u00e9gies pratiques pour favoriser un \u00e9tat d\u2019esprit ax\u00e9 sur la croissance.<\/p>\n<h3><strong><br \/>Points Forts du Contenu :<\/strong><\/h3>\n<ol>\n<li><strong>Comprendre l\u2019Esprit de Croissance<\/strong><\/li>\n<li><strong>Surmonter les D\u00e9fis<\/strong><\/li>\n<li><strong>Saisir les Opportunit\u00e9s<\/strong><\/li>\n<li><strong>Strat\u00e9gies de Croissance Personnelle<\/strong><\/li>\n<li><strong>Leadership Ax\u00e9 sur la Croissance<\/strong><\/li>\n<\/ol>\n<h3><strong><br \/>R\u00e9sultats d\u2019Apprentissage :<\/strong><\/h3>\n<ul>\n<li>Acqu\u00e9rir une compr\u00e9hension approfondie de l\u2019esprit de croissance et de son impact sur leur r\u00e9ussite personnelle et professionnelle.<\/li>\n<li>Identifier et surmonter leurs blocages mentaux et croyances limitantes pour lib\u00e9rer leur potentiel.<\/li>\n<li>D\u00e9velopper leur r\u00e9silience et adopter une attitude positive face aux d\u00e9fis.<\/li>\n<li>Exploiter le changement et l'adaptabilit\u00e9 comme des opportunit\u00e9s de croissance et d'innovation.<\/li>\n<li>Mettre en \u0153uvre des strat\u00e9gies pratiques pour leur croissance personnelle et l'apprentissage continu.<\/li>\n<li>Inspirer et diriger des \u00e9quipes avec un esprit ax\u00e9 sur la croissance, favorisant la collaboration et l'innovation.<\/li>\n<\/ul>\n<h3><strong><br \/>M\u00e9thodologie :<\/strong><\/h3>\n<ul>\n<li>Pr\u00e9sentations captivantes avec des exemples r\u00e9els et des \u00e9tudes de cas.<\/li>\n<li>Discussions interactives et activit\u00e9s de groupe encourageant la participation et l'application des concepts.<\/li>\n<li>Exercices pratiques et auto-\u00e9valuations favorisant la r\u00e9flexion personnelle et la croissance individuelle.<\/li>\n<li>Sessions de questions-r\u00e9ponses abordant des d\u00e9fis sp\u00e9cifiques et offrant des id\u00e9es sur mesure.<\/li>\n<li>Supports p\u00e9dagogiques, comprenant des documents distribu\u00e9s et des lectures recommand\u00e9es, pour approfondir les connaissances et favoriser le d\u00e9veloppement continu.<\/li>\n<\/ul>\n<h3><strong><br \/>Audience Cibl\u00e9e : <\/strong><\/h3>\n<p>Ce cours est id\u00e9al pour les professionnels de tous niveaux souhaitant d\u00e9velopper un esprit de croissance pour naviguer avec succ\u00e8s dans le milieu commercial comp\u00e9titif. Il est particuli\u00e8rement b\u00e9n\u00e9fique pour :<\/p>\n<ul>\n<li>Les managers et les leaders cherchant \u00e0 am\u00e9liorer leurs comp\u00e9tences en leadership et \u00e0 inspirer des \u00e9quipes ax\u00e9es sur la croissance.<\/li>\n<li>Les entrepreneurs et les propri\u00e9taires d'entreprise cherchant \u00e0 promouvoir une culture d'innovation et d'am\u00e9lioration continue.<\/li>\n<li>Les individus cherchant \u00e0 surmonter des d\u00e9fis, \u00e0 embrasser le changement et \u00e0 maximiser leur potentiel de croissance personnelle et professionnelle.<\/li>\n<\/ul>\n<p>Rejoignez-moi pour ce cours transformateur sur le d\u00e9veloppement d'un esprit de croissance, o\u00f9 vous acquerrez les outils et les strat\u00e9gies pour surmonter les d\u00e9fis, saisir les opportunit\u00e9s et lib\u00e9rer votre v\u00e9ritable potentiel. Ne manquez pas cette occasion de devenir un leader ax\u00e9 sur la croissance dans un environnement commercial comp\u00e9titif.<\/p>\n<p>Remarque : Des options de personnalisation sont disponibles pour adapter le contenu et la dur\u00e9e du cours aux besoins sp\u00e9cifiques de votre organisation.<\/p><\/div>\n\t\t\t\t<\/div>\n\t\t\t\t\t<\/div>\n\t\t<\/div>\n\t\t\t\t\t<\/div>\n\t\t<\/section>\n\t\t\t\t<section class=\"elementor-section elementor-top-section elementor-element elementor-element-3c78d9e elementor-section-stretched elementor-section-boxed elementor-section-height-default elementor-section-height-default\" data-id=\"3c78d9e\" data-element_type=\"section\" data-settings=\"{&quot;stretch_section&quot;:&quot;section-stretched&quot;,&quot;background_background&quot;:&quot;classic&quot;,&quot;dotlife_ext_is_background_parallax&quot;:&quot;false&quot;}\">\n\t\t\t\t\t\t<div class=\"elementor-container elementor-column-gap-default\">\n\t\t\t\t\t<div class=\"elementor-column elementor-col-16 elementor-top-column elementor-element elementor-element-fa04c5d\" data-id=\"fa04c5d\" data-element_type=\"column\" data-settings=\"{&quot;dotlife_ext_link_sidemenu&quot;:&quot;false&quot;,&quot;dotlife_ext_link_fullmenu&quot;:&quot;false&quot;,&quot;dotlife_ext_link_closed_fullmenu&quot;:&quot;false&quot;,&quot;dotlife_ext_is_scrollme&quot;:&quot;false&quot;,&quot;dotlife_ext_is_smoove&quot;:&quot;false&quot;,&quot;dotlife_ext_is_parallax_mouse&quot;:&quot;false&quot;,&quot;dotlife_ext_is_infinite&quot;:&quot;false&quot;,&quot;dotlife_ext_is_fadeout_animation&quot;:&quot;false&quot;,&quot;dotlife_ext_mobile_static&quot;:&quot;false&quot;}\">\n\t\t\t<div class=\"elementor-widget-wrap elementor-element-populated\">\n\t\t\t\t\t\t<div class=\"elementor-element elementor-element-bb798a3 elementor-view-default elementor-widget elementor-widget-icon\" data-id=\"bb798a3\" data-element_type=\"widget\" data-settings=\"{&quot;dotlife_ext_link_sidemenu&quot;:&quot;false&quot;,&quot;dotlife_ext_link_fullmenu&quot;:&quot;false&quot;,&quot;dotlife_ext_link_closed_fullmenu&quot;:&quot;false&quot;,&quot;dotlife_ext_is_scrollme&quot;:&quot;false&quot;,&quot;dotlife_ext_is_smoove&quot;:&quot;false&quot;,&quot;dotlife_ext_is_parallax_mouse&quot;:&quot;false&quot;,&quot;dotlife_ext_is_infinite&quot;:&quot;false&quot;,&quot;dotlife_ext_is_fadeout_animation&quot;:&quot;false&quot;,&quot;dotlife_ext_mobile_static&quot;:&quot;false&quot;}\" data-widget_type=\"icon.default\">\n\t\t\t\t<div class=\"elementor-widget-container\">\n\t\t\t\t\t\t\t<div class=\"elementor-icon-wrapper\">\n\t\t\t<a class=\"elementor-icon\" href=\"https:\/\/zensense.mu\/fr\/corporate-training\/\">\n\t\t\t<i aria-hidden=\"true\" class=\"far fa-arrow-alt-circle-left\"><\/i>\t\t\t<\/a>\n\t\t<\/div>\n\t\t\t\t\t\t<\/div>\n\t\t\t\t<\/div>\n\t\t\t\t\t<\/div>\n\t\t<\/div>\n\t\t\t\t<div class=\"elementor-column elementor-col-66 elementor-top-column elementor-element elementor-element-31d7403\" data-id=\"31d7403\" data-element_type=\"column\" data-settings=\"{&quot;dotlife_ext_link_sidemenu&quot;:&quot;false&quot;,&quot;dotlife_ext_link_fullmenu&quot;:&quot;false&quot;,&quot;dotlife_ext_link_closed_fullmenu&quot;:&quot;false&quot;,&quot;dotlife_ext_is_scrollme&quot;:&quot;false&quot;,&quot;dotlife_ext_is_smoove&quot;:&quot;false&quot;,&quot;dotlife_ext_is_parallax_mouse&quot;:&quot;false&quot;,&quot;dotlife_ext_is_infinite&quot;:&quot;false&quot;,&quot;dotlife_ext_is_fadeout_animation&quot;:&quot;false&quot;,&quot;dotlife_ext_mobile_static&quot;:&quot;false&quot;}\">\n\t\t\t<div class=\"elementor-widget-wrap elementor-element-populated\">\n\t\t\t\t\t\t<div class=\"elementor-element elementor-element-07ec0f9 animated-fast elementor-widget__width-initial elementor-align-center elementor-invisible elementor-widget elementor-widget-button\" data-id=\"07ec0f9\" data-element_type=\"widget\" data-settings=\"{&quot;_animation&quot;:&quot;fadeInUp&quot;,&quot;_animation_delay&quot;:600,&quot;dotlife_ext_link_sidemenu&quot;:&quot;false&quot;,&quot;dotlife_ext_link_fullmenu&quot;:&quot;false&quot;,&quot;dotlife_ext_link_closed_fullmenu&quot;:&quot;false&quot;,&quot;dotlife_ext_is_scrollme&quot;:&quot;false&quot;,&quot;dotlife_ext_is_smoove&quot;:&quot;false&quot;,&quot;dotlife_ext_is_parallax_mouse&quot;:&quot;false&quot;,&quot;dotlife_ext_is_infinite&quot;:&quot;false&quot;,&quot;dotlife_ext_is_fadeout_animation&quot;:&quot;false&quot;,&quot;dotlife_ext_mobile_static&quot;:&quot;false&quot;}\" data-widget_type=\"button.default\">\n\t\t\t\t<div class=\"elementor-widget-container\">\n\t\t\t\t\t\t\t\t\t<div class=\"elementor-button-wrapper\">\n\t\t\t\t\t<a class=\"elementor-button elementor-button-link elementor-size-sm elementor-animation-grow\" href=\"https:\/\/zensense.mu\/fr\/contact-me\/\">\n\t\t\t\t\t\t<span class=\"elementor-button-content-wrapper\">\n\t\t\t\t\t\t\t\t\t<span class=\"elementor-button-text\">SE CONNECTER MAINTENANT<\/span>\n\t\t\t\t\t<\/span>\n\t\t\t\t\t<\/a>\n\t\t\t\t<\/div>\n\t\t\t\t\t\t\t\t<\/div>\n\t\t\t\t<\/div>\n\t\t\t\t\t<\/div>\n\t\t<\/div>\n\t\t\t\t<div class=\"elementor-column elementor-col-16 elementor-top-column elementor-element elementor-element-55a71e9\" data-id=\"55a71e9\" data-element_type=\"column\" data-settings=\"{&quot;dotlife_ext_link_sidemenu&quot;:&quot;false&quot;,&quot;dotlife_ext_link_fullmenu&quot;:&quot;false&quot;,&quot;dotlife_ext_link_closed_fullmenu&quot;:&quot;false&quot;,&quot;dotlife_ext_is_scrollme&quot;:&quot;false&quot;,&quot;dotlife_ext_is_smoove&quot;:&quot;false&quot;,&quot;dotlife_ext_is_parallax_mouse&quot;:&quot;false&quot;,&quot;dotlife_ext_is_infinite&quot;:&quot;false&quot;,&quot;dotlife_ext_is_fadeout_animation&quot;:&quot;false&quot;,&quot;dotlife_ext_mobile_static&quot;:&quot;false&quot;}\">\n\t\t\t<div class=\"elementor-widget-wrap\">\n\t\t\t\t\t\t\t<\/div>\n\t\t<\/div>\n\t\t\t\t\t<\/div>\n\t\t<\/section>\t\t<\/div>","protected":false},"excerpt":{"rendered":"<p>Overview: In today&#8217;s competitive business landscape, cultivating a growth mindset has become essential for individuals and organisations to thrive. This [&hellip;]<\/p>","protected":false},"author":2,"featured_media":0,"parent":0,"menu_order":0,"comment_status":"closed","ping_status":"closed","template":"","meta":{"om_disable_all_campaigns":false,"_monsterinsights_skip_tracking":false,"_monsterinsights_sitenote_active":false,"_monsterinsights_sitenote_note":"","_monsterinsights_sitenote_category":0,"footnotes":""},"class_list":["post-4436","page","type-page","status-publish","hentry"],"yoast_head":"<!-- This site is optimized with the Yoast SEO plugin v24.8.1 - https:\/\/yoast.com\/wordpress\/plugins\/seo\/ -->\n<title>Growth Mindset \u2013 Challenges and Opportunities - Zensense<\/title>\n<meta name=\"robots\" content=\"index, follow, max-snippet:-1, max-image-preview:large, max-video-preview:-1\" \/>\n<link rel=\"canonical\" href=\"https:\/\/zensense.mu\/fr\/growth-mindset-challenges-and-opportunities\/\" \/>\n<meta property=\"og:locale\" content=\"fr_FR\" \/>\n<meta property=\"og:type\" content=\"article\" \/>\n<meta property=\"og:title\" content=\"Growth Mindset \u2013 Challenges and Opportunities - Zensense\" \/>\n<meta property=\"og:description\" content=\"Overview: In today&#8217;s competitive business landscape, cultivating a growth mindset has become essential for individuals and organisations to thrive. This [&hellip;]\" \/>\n<meta property=\"og:url\" content=\"https:\/\/zensense.mu\/fr\/growth-mindset-challenges-and-opportunities\/\" \/>\n<meta property=\"og:site_name\" content=\"Zensense\" \/>\n<meta property=\"article:publisher\" content=\"https:\/\/www.facebook.com\/Zensense.mu\" \/>\n<meta property=\"article:modified_time\" content=\"2025-04-16T11:25:54+00:00\" \/>\n<meta name=\"twitter:card\" content=\"summary_large_image\" \/>\n<meta name=\"twitter:label1\" content=\"Dur\u00e9e de lecture estim\u00e9e\" \/>\n\t<meta name=\"twitter:data1\" content=\"2 minutes\" \/>\n<script type=\"application\/ld+json\" class=\"yoast-schema-graph\">{\"@context\":\"https:\/\/schema.org\",\"@graph\":[{\"@type\":\"WebPage\",\"@id\":\"https:\/\/zensense.mu\/growth-mindset-challenges-and-opportunities\/\",\"url\":\"https:\/\/zensense.mu\/growth-mindset-challenges-and-opportunities\/\",\"name\":\"Growth Mindset \u2013 Challenges and Opportunities - Zensense\",\"isPartOf\":{\"@id\":\"https:\/\/zensense.mu\/#website\"},\"datePublished\":\"2023-07-03T17:48:27+00:00\",\"dateModified\":\"2025-04-16T11:25:54+00:00\",\"breadcrumb\":{\"@id\":\"https:\/\/zensense.mu\/growth-mindset-challenges-and-opportunities\/#breadcrumb\"},\"inLanguage\":\"fr-FR\",\"potentialAction\":[{\"@type\":\"ReadAction\",\"target\":[\"https:\/\/zensense.mu\/growth-mindset-challenges-and-opportunities\/\"]}]},{\"@type\":\"BreadcrumbList\",\"@id\":\"https:\/\/zensense.mu\/growth-mindset-challenges-and-opportunities\/#breadcrumb\",\"itemListElement\":[{\"@type\":\"ListItem\",\"position\":1,\"name\":\"Home\",\"item\":\"https:\/\/zensense.mu\/\"},{\"@type\":\"ListItem\",\"position\":2,\"name\":\"Growth Mindset \u2013 Challenges and Opportunities\"}]},{\"@type\":\"WebSite\",\"@id\":\"https:\/\/zensense.mu\/#website\",\"url\":\"https:\/\/zensense.mu\/\",\"name\":\"Zensense.mu\",\"description\":\"Grow your potential\",\"publisher\":{\"@id\":\"https:\/\/zensense.mu\/#organization\"},\"potentialAction\":[{\"@type\":\"SearchAction\",\"target\":{\"@type\":\"EntryPoint\",\"urlTemplate\":\"https:\/\/zensense.mu\/?s={search_term_string}\"},\"query-input\":{\"@type\":\"PropertyValueSpecification\",\"valueRequired\":true,\"valueName\":\"search_term_string\"}}],\"inLanguage\":\"fr-FR\"},{\"@type\":\"Organization\",\"@id\":\"https:\/\/zensense.mu\/#organization\",\"name\":\"Zensense.mu\",\"url\":\"https:\/\/zensense.mu\/\",\"logo\":{\"@type\":\"ImageObject\",\"inLanguage\":\"fr-FR\",\"@id\":\"https:\/\/zensense.mu\/#\/schema\/logo\/image\/\",\"url\":\"https:\/\/i0.wp.com\/zensense.mu\/wp-content\/uploads\/2023\/07\/Zensense.mu_Logo_5005x500.png?fit=500%2C500&ssl=1\",\"contentUrl\":\"https:\/\/i0.wp.com\/zensense.mu\/wp-content\/uploads\/2023\/07\/Zensense.mu_Logo_5005x500.png?fit=500%2C500&ssl=1\",\"width\":500,\"height\":500,\"caption\":\"Zensense.mu\"},\"image\":{\"@id\":\"https:\/\/zensense.mu\/#\/schema\/logo\/image\/\"},\"sameAs\":[\"https:\/\/www.facebook.com\/Zensense.mu\"]}]}<\/script>\n<!-- \/ Yoast SEO plugin. -->","yoast_head_json":{"title":"Growth Mindset \u2013 Challenges and Opportunities - Zensense","robots":{"index":"index","follow":"follow","max-snippet":"max-snippet:-1","max-image-preview":"max-image-preview:large","max-video-preview":"max-video-preview:-1"},"canonical":"https:\/\/zensense.mu\/fr\/growth-mindset-challenges-and-opportunities\/","og_locale":"fr_FR","og_type":"article","og_title":"Growth Mindset \u2013 Challenges and Opportunities - Zensense","og_description":"Overview: In today&#8217;s competitive business landscape, cultivating a growth mindset has become essential for individuals and organisations to thrive. This [&hellip;]","og_url":"https:\/\/zensense.mu\/fr\/growth-mindset-challenges-and-opportunities\/","og_site_name":"Zensense","article_publisher":"https:\/\/www.facebook.com\/Zensense.mu","article_modified_time":"2025-04-16T11:25:54+00:00","twitter_card":"summary_large_image","twitter_misc":{"Dur\u00e9e de lecture estim\u00e9e":"2 minutes"},"schema":{"@context":"https:\/\/schema.org","@graph":[{"@type":"WebPage","@id":"https:\/\/zensense.mu\/growth-mindset-challenges-and-opportunities\/","url":"https:\/\/zensense.mu\/growth-mindset-challenges-and-opportunities\/","name":"Growth Mindset \u2013 Challenges and Opportunities - Zensense","isPartOf":{"@id":"https:\/\/zensense.mu\/#website"},"datePublished":"2023-07-03T17:48:27+00:00","dateModified":"2025-04-16T11:25:54+00:00","breadcrumb":{"@id":"https:\/\/zensense.mu\/growth-mindset-challenges-and-opportunities\/#breadcrumb"},"inLanguage":"fr-FR","potentialAction":[{"@type":"ReadAction","target":["https:\/\/zensense.mu\/growth-mindset-challenges-and-opportunities\/"]}]},{"@type":"BreadcrumbList","@id":"https:\/\/zensense.mu\/growth-mindset-challenges-and-opportunities\/#breadcrumb","itemListElement":[{"@type":"ListItem","position":1,"name":"Home","item":"https:\/\/zensense.mu\/"},{"@type":"ListItem","position":2,"name":"Growth Mindset \u2013 Challenges and Opportunities"}]},{"@type":"WebSite","@id":"https:\/\/zensense.mu\/#website","url":"https:\/\/zensense.mu\/","name":"Zensense.mu","description":"Grow your potential","publisher":{"@id":"https:\/\/zensense.mu\/#organization"},"potentialAction":[{"@type":"SearchAction","target":{"@type":"EntryPoint","urlTemplate":"https:\/\/zensense.mu\/?s={search_term_string}"},"query-input":{"@type":"PropertyValueSpecification","valueRequired":true,"valueName":"search_term_string"}}],"inLanguage":"fr-FR"},{"@type":"Organization","@id":"https:\/\/zensense.mu\/#organization","name":"Zensense.mu","url":"https:\/\/zensense.mu\/","logo":{"@type":"ImageObject","inLanguage":"fr-FR","@id":"https:\/\/zensense.mu\/#\/schema\/logo\/image\/","url":"https:\/\/i0.wp.com\/zensense.mu\/wp-content\/uploads\/2023\/07\/Zensense.mu_Logo_5005x500.png?fit=500%2C500&ssl=1","contentUrl":"https:\/\/i0.wp.com\/zensense.mu\/wp-content\/uploads\/2023\/07\/Zensense.mu_Logo_5005x500.png?fit=500%2C500&ssl=1","width":500,"height":500,"caption":"Zensense.mu"},"image":{"@id":"https:\/\/zensense.mu\/#\/schema\/logo\/image\/"},"sameAs":["https:\/\/www.facebook.com\/Zensense.mu"]}]}},"_links":{"self":[{"href":"https:\/\/zensense.mu\/fr\/wp-json\/wp\/v2\/pages\/4436","targetHints":{"allow":["GET"]}}],"collection":[{"href":"https:\/\/zensense.mu\/fr\/wp-json\/wp\/v2\/pages"}],"about":[{"href":"https:\/\/zensense.mu\/fr\/wp-json\/wp\/v2\/types\/page"}],"author":[{"embeddable":true,"href":"https:\/\/zensense.mu\/fr\/wp-json\/wp\/v2\/users\/2"}],"replies":[{"embeddable":true,"href":"https:\/\/zensense.mu\/fr\/wp-json\/wp\/v2\/comments?post=4436"}],"version-history":[{"count":8,"href":"https:\/\/zensense.mu\/fr\/wp-json\/wp\/v2\/pages\/4436\/revisions"}],"predecessor-version":[{"id":5453,"href":"https:\/\/zensense.mu\/fr\/wp-json\/wp\/v2\/pages\/4436\/revisions\/5453"}],"wp:attachment":[{"href":"https:\/\/zensense.mu\/fr\/wp-json\/wp\/v2\/media?parent=4436"}],"curies":[{"name":"wp","href":"https:\/\/api.w.org\/{rel}","templated":true}]}}