{"id":4445,"date":"2023-07-03T18:03:36","date_gmt":"2023-07-03T18:03:36","guid":{"rendered":"https:\/\/zensense.mu?page_id=4445"},"modified":"2023-07-06T17:58:45","modified_gmt":"2023-07-06T13:58:45","slug":"manage-your-image-create-your-personal-branding","status":"publish","type":"page","link":"https:\/\/zensense.mu\/fr\/manage-your-image-create-your-personal-branding\/","title":{"rendered":"G\u00e9rez votre Image \u2013 Cr\u00e9ez votre Branding Personnel"},"content":{"rendered":"<div data-elementor-type=\"wp-page\" data-elementor-id=\"4445\" class=\"elementor elementor-4445\">\n\t\t\t\t<section class=\"elementor-section elementor-top-section elementor-element elementor-element-79efdc81 elementor-section-boxed elementor-section-height-default elementor-section-height-default\" data-id=\"79efdc81\" data-element_type=\"section\" data-settings=\"{&quot;dotlife_ext_is_background_parallax&quot;:&quot;false&quot;}\">\n\t\t\t\t\t\t<div class=\"elementor-container elementor-column-gap-default\">\n\t\t\t\t\t<div class=\"elementor-column elementor-col-100 elementor-top-column elementor-element elementor-element-2908b244\" data-id=\"2908b244\" data-element_type=\"column\" data-settings=\"{&quot;dotlife_ext_link_sidemenu&quot;:&quot;false&quot;,&quot;dotlife_ext_link_fullmenu&quot;:&quot;false&quot;,&quot;dotlife_ext_link_closed_fullmenu&quot;:&quot;false&quot;,&quot;dotlife_ext_is_scrollme&quot;:&quot;false&quot;,&quot;dotlife_ext_is_smoove&quot;:&quot;false&quot;,&quot;dotlife_ext_is_parallax_mouse&quot;:&quot;false&quot;,&quot;dotlife_ext_is_infinite&quot;:&quot;false&quot;,&quot;dotlife_ext_is_fadeout_animation&quot;:&quot;false&quot;,&quot;dotlife_ext_mobile_static&quot;:&quot;false&quot;}\">\n\t\t\t<div class=\"elementor-widget-wrap elementor-element-populated\">\n\t\t\t\t\t\t<div class=\"elementor-element elementor-element-6e86a39e elementor-widget elementor-widget-text-editor\" data-id=\"6e86a39e\" data-element_type=\"widget\" data-settings=\"{&quot;dotlife_ext_link_sidemenu&quot;:&quot;false&quot;,&quot;dotlife_ext_link_fullmenu&quot;:&quot;false&quot;,&quot;dotlife_ext_link_closed_fullmenu&quot;:&quot;false&quot;,&quot;dotlife_ext_is_scrollme&quot;:&quot;false&quot;,&quot;dotlife_ext_is_smoove&quot;:&quot;false&quot;,&quot;dotlife_ext_is_parallax_mouse&quot;:&quot;false&quot;,&quot;dotlife_ext_is_infinite&quot;:&quot;false&quot;,&quot;dotlife_ext_is_fadeout_animation&quot;:&quot;false&quot;,&quot;dotlife_ext_mobile_static&quot;:&quot;false&quot;}\" data-widget_type=\"text-editor.default\">\n\t\t\t\t<div class=\"elementor-widget-container\"><h3 class=\"wp-block-heading\"><strong>Aper\u00e7u : <\/strong><\/h3>\n<p>Dans le monde hautement comp\u00e9titif et interconnect\u00e9 d'aujourd'hui, le branding personnel est devenu un \u00e9l\u00e9ment essentiel pour les professionnels cherchant \u00e0 se d\u00e9marquer et \u00e0 r\u00e9ussir. Ce cours complet sur le branding personnel permettra aux participants de g\u00e9rer efficacement leur image, de construire une marque personnelle solide et d'am\u00e9liorer leur r\u00e9putation professionnelle. Gr\u00e2ce \u00e0 une combinaison de th\u00e9orie, d'exercices pratiques et de discussions interactives, les participants acquerront les comp\u00e9tences et les connaissances n\u00e9cessaires pour d\u00e9velopper un branding personnel convaincant en accord avec leurs objectifs et leurs valeurs.<\/p>\n<h3><strong><br \/>Points Forts du Contenu :<\/strong><\/h3>\n<ol>\n<li><strong>Introduction au Branding Personnel.<\/strong><\/li>\n<li><strong>\u00c9valuer votre Image Actuelle.<\/strong><\/li>\n<li><strong>D\u00e9finir votre Identit\u00e9 de Marque.<\/strong><\/li>\n<li><strong>Concevoir votre Branding Personnel.<\/strong><\/li>\n<li><strong>D\u00e9velopper une Pr\u00e9sence en Ligne.<\/strong><\/li>\n<li><strong>G\u00e9rer votre Image.<\/strong><\/li>\n<\/ol>\n<h3><strong><br \/>R\u00e9sultats d\u2019Apprentissage :<\/strong><\/h3>\n<ul>\n<li>Comprendre le concept du Branding Personnel et son importance dans un environnement comp\u00e9titif.<\/li>\n<li>\u00c9valuer leur marque personnelle actuelle et identifier leurs axes d'am\u00e9lioration.<\/li>\n<li>D\u00e9finir leur identit\u00e9 de marque unique et l'aligner sur leurs objectifs professionnels.<\/li>\n<li>Concevoir une d\u00e9claration de marque personnelle percutante et communiquer r\u00e9guli\u00e8rement leur message de marque.<\/li>\n<li>Build a strong online presence through social media and professional platforms.<\/li>\n<li>Construire une forte pr\u00e9sence en ligne \u00e0 travers les r\u00e9seaux sociaux et les plateformes professionnelles.<\/li>\n<\/ul>\n<h3><strong><br \/>M\u00e9thodologie :<\/strong><\/h3>\n<p>Ce cours adopte une approche dynamique et interactive pour maximiser l'engagement et l'apprentissage des participants. La m\u00e9thodologie comprend une combinaison de :<\/p>\n<ul>\n<li>Conf\u00e9rences et pr\u00e9sentations pour introduire les concepts et th\u00e9ories cl\u00e9s.<\/li>\n<li>\u00c9tudes de cas et exemples r\u00e9els pour illustrer les applications pratiques.<\/li>\n<li>Discussions de groupe et sessions de brainstorming pour encourager le partage des connaissances.<\/li>\n<li>Exercices pratiques et activit\u00e9s pour appliquer les principes du branding personnel.<\/li>\n<li>Retours personnalis\u00e9s et conseils du formateur pour r\u00e9pondre aux besoins individuels.<\/li>\n<\/ul>\n<h3><strong><br \/>Audience Cibl\u00e9e : <\/strong><\/h3>\n<p>Ce cours est con\u00e7u pour les professionnels de tous niveaux qui souhaitent d\u00e9velopper et am\u00e9liorer leur branding personnel pour prosp\u00e9rer dans un environnement commercial comp\u00e9titif. Il est particuli\u00e8rement b\u00e9n\u00e9fique pour :<\/p>\n<ul>\n<li>Les leaders \u00e9mergents cherchant \u00e0 \u00e9tablir une forte pr\u00e9sence professionnelle.<\/li>\n<li>Les entrepreneurs et propri\u00e9taires d'entreprises d\u00e9sireux de se d\u00e9marquer sur le march\u00e9.<\/li>\n<li>Les professionnels du marketing et de la communication charg\u00e9s des strat\u00e9gies de branding.<\/li>\n<li>Les chercheurs d'emploi et les personnes en reconversion professionnelle d\u00e9sireux de construire un branding personnel convaincant.<\/li>\n<\/ul>\n<p>Remarque : Ce cours peut \u00eatre personnalis\u00e9 pour r\u00e9pondre \u00e0 diff\u00e9rents niveaux de participants et peut \u00eatre propos\u00e9 sous diff\u00e9rents formats, tels que des ateliers, des s\u00e9minaires ou des sessions de formation en ligne, afin de r\u00e9pondre aux besoins sp\u00e9cifiques des participants.<\/p><\/div>\n\t\t\t\t<\/div>\n\t\t\t\t\t<\/div>\n\t\t<\/div>\n\t\t\t\t\t<\/div>\n\t\t<\/section>\n\t\t\t\t<section class=\"elementor-section elementor-top-section elementor-element elementor-element-7849aec elementor-section-boxed elementor-section-height-default elementor-section-height-default\" data-id=\"7849aec\" data-element_type=\"section\" data-settings=\"{&quot;dotlife_ext_is_background_parallax&quot;:&quot;false&quot;}\">\n\t\t\t\t\t\t<div class=\"elementor-container elementor-column-gap-default\">\n\t\t\t\t\t<div class=\"elementor-column elementor-col-100 elementor-top-column elementor-element elementor-element-5482123\" data-id=\"5482123\" data-element_type=\"column\" data-settings=\"{&quot;dotlife_ext_link_sidemenu&quot;:&quot;false&quot;,&quot;dotlife_ext_link_fullmenu&quot;:&quot;false&quot;,&quot;dotlife_ext_link_closed_fullmenu&quot;:&quot;false&quot;,&quot;dotlife_ext_is_scrollme&quot;:&quot;false&quot;,&quot;dotlife_ext_is_smoove&quot;:&quot;false&quot;,&quot;dotlife_ext_is_parallax_mouse&quot;:&quot;false&quot;,&quot;dotlife_ext_is_infinite&quot;:&quot;false&quot;,&quot;dotlife_ext_is_fadeout_animation&quot;:&quot;false&quot;,&quot;dotlife_ext_mobile_static&quot;:&quot;false&quot;}\">\n\t\t\t<div class=\"elementor-widget-wrap\">\n\t\t\t\t\t\t\t<\/div>\n\t\t<\/div>\n\t\t\t\t\t<\/div>\n\t\t<\/section>\n\t\t\t\t<section class=\"elementor-section elementor-top-section elementor-element elementor-element-fda5d5a elementor-section-stretched elementor-section-boxed elementor-section-height-default elementor-section-height-default\" data-id=\"fda5d5a\" data-element_type=\"section\" data-settings=\"{&quot;stretch_section&quot;:&quot;section-stretched&quot;,&quot;background_background&quot;:&quot;classic&quot;,&quot;dotlife_ext_is_background_parallax&quot;:&quot;false&quot;}\">\n\t\t\t\t\t\t<div class=\"elementor-container elementor-column-gap-default\">\n\t\t\t\t\t<div class=\"elementor-column elementor-col-16 elementor-top-column elementor-element elementor-element-756da7c\" data-id=\"756da7c\" data-element_type=\"column\" data-settings=\"{&quot;dotlife_ext_link_sidemenu&quot;:&quot;false&quot;,&quot;dotlife_ext_link_fullmenu&quot;:&quot;false&quot;,&quot;dotlife_ext_link_closed_fullmenu&quot;:&quot;false&quot;,&quot;dotlife_ext_is_scrollme&quot;:&quot;false&quot;,&quot;dotlife_ext_is_smoove&quot;:&quot;false&quot;,&quot;dotlife_ext_is_parallax_mouse&quot;:&quot;false&quot;,&quot;dotlife_ext_is_infinite&quot;:&quot;false&quot;,&quot;dotlife_ext_is_fadeout_animation&quot;:&quot;false&quot;,&quot;dotlife_ext_mobile_static&quot;:&quot;false&quot;}\">\n\t\t\t<div class=\"elementor-widget-wrap elementor-element-populated\">\n\t\t\t\t\t\t<div class=\"elementor-element elementor-element-f39766f elementor-view-default elementor-widget elementor-widget-icon\" data-id=\"f39766f\" data-element_type=\"widget\" data-settings=\"{&quot;dotlife_ext_link_sidemenu&quot;:&quot;false&quot;,&quot;dotlife_ext_link_fullmenu&quot;:&quot;false&quot;,&quot;dotlife_ext_link_closed_fullmenu&quot;:&quot;false&quot;,&quot;dotlife_ext_is_scrollme&quot;:&quot;false&quot;,&quot;dotlife_ext_is_smoove&quot;:&quot;false&quot;,&quot;dotlife_ext_is_parallax_mouse&quot;:&quot;false&quot;,&quot;dotlife_ext_is_infinite&quot;:&quot;false&quot;,&quot;dotlife_ext_is_fadeout_animation&quot;:&quot;false&quot;,&quot;dotlife_ext_mobile_static&quot;:&quot;false&quot;}\" data-widget_type=\"icon.default\">\n\t\t\t\t<div class=\"elementor-widget-container\">\n\t\t\t\t\t\t\t<div class=\"elementor-icon-wrapper\">\n\t\t\t<a class=\"elementor-icon\" href=\"https:\/\/zensense.mu\/fr\/corporate-training\/\">\n\t\t\t<i aria-hidden=\"true\" class=\"far fa-arrow-alt-circle-left\"><\/i>\t\t\t<\/a>\n\t\t<\/div>\n\t\t\t\t\t\t<\/div>\n\t\t\t\t<\/div>\n\t\t\t\t\t<\/div>\n\t\t<\/div>\n\t\t\t\t<div class=\"elementor-column elementor-col-66 elementor-top-column elementor-element elementor-element-5cf72db\" data-id=\"5cf72db\" data-element_type=\"column\" data-settings=\"{&quot;dotlife_ext_link_sidemenu&quot;:&quot;false&quot;,&quot;dotlife_ext_link_fullmenu&quot;:&quot;false&quot;,&quot;dotlife_ext_link_closed_fullmenu&quot;:&quot;false&quot;,&quot;dotlife_ext_is_scrollme&quot;:&quot;false&quot;,&quot;dotlife_ext_is_smoove&quot;:&quot;false&quot;,&quot;dotlife_ext_is_parallax_mouse&quot;:&quot;false&quot;,&quot;dotlife_ext_is_infinite&quot;:&quot;false&quot;,&quot;dotlife_ext_is_fadeout_animation&quot;:&quot;false&quot;,&quot;dotlife_ext_mobile_static&quot;:&quot;false&quot;}\">\n\t\t\t<div class=\"elementor-widget-wrap elementor-element-populated\">\n\t\t\t\t\t\t<div class=\"elementor-element elementor-element-23777f1 animated-fast elementor-widget__width-initial elementor-align-center elementor-invisible elementor-widget elementor-widget-button\" data-id=\"23777f1\" data-element_type=\"widget\" data-settings=\"{&quot;_animation&quot;:&quot;fadeInUp&quot;,&quot;_animation_delay&quot;:600,&quot;dotlife_ext_link_sidemenu&quot;:&quot;false&quot;,&quot;dotlife_ext_link_fullmenu&quot;:&quot;false&quot;,&quot;dotlife_ext_link_closed_fullmenu&quot;:&quot;false&quot;,&quot;dotlife_ext_is_scrollme&quot;:&quot;false&quot;,&quot;dotlife_ext_is_smoove&quot;:&quot;false&quot;,&quot;dotlife_ext_is_parallax_mouse&quot;:&quot;false&quot;,&quot;dotlife_ext_is_infinite&quot;:&quot;false&quot;,&quot;dotlife_ext_is_fadeout_animation&quot;:&quot;false&quot;,&quot;dotlife_ext_mobile_static&quot;:&quot;false&quot;}\" data-widget_type=\"button.default\">\n\t\t\t\t<div class=\"elementor-widget-container\">\n\t\t\t\t\t\t\t\t\t<div class=\"elementor-button-wrapper\">\n\t\t\t\t\t<a class=\"elementor-button elementor-button-link elementor-size-sm elementor-animation-grow\" href=\"https:\/\/zensense.mu\/fr\/contact-me\/\">\n\t\t\t\t\t\t<span class=\"elementor-button-content-wrapper\">\n\t\t\t\t\t\t\t\t\t<span class=\"elementor-button-text\">SE CONNECTER MAINTENANT<\/span>\n\t\t\t\t\t<\/span>\n\t\t\t\t\t<\/a>\n\t\t\t\t<\/div>\n\t\t\t\t\t\t\t\t<\/div>\n\t\t\t\t<\/div>\n\t\t\t\t\t<\/div>\n\t\t<\/div>\n\t\t\t\t<div class=\"elementor-column elementor-col-16 elementor-top-column elementor-element elementor-element-bed1178\" data-id=\"bed1178\" data-element_type=\"column\" data-settings=\"{&quot;dotlife_ext_link_sidemenu&quot;:&quot;false&quot;,&quot;dotlife_ext_link_fullmenu&quot;:&quot;false&quot;,&quot;dotlife_ext_link_closed_fullmenu&quot;:&quot;false&quot;,&quot;dotlife_ext_is_scrollme&quot;:&quot;false&quot;,&quot;dotlife_ext_is_smoove&quot;:&quot;false&quot;,&quot;dotlife_ext_is_parallax_mouse&quot;:&quot;false&quot;,&quot;dotlife_ext_is_infinite&quot;:&quot;false&quot;,&quot;dotlife_ext_is_fadeout_animation&quot;:&quot;false&quot;,&quot;dotlife_ext_mobile_static&quot;:&quot;false&quot;}\">\n\t\t\t<div class=\"elementor-widget-wrap\">\n\t\t\t\t\t\t\t<\/div>\n\t\t<\/div>\n\t\t\t\t\t<\/div>\n\t\t<\/section>\n\t\t\t\t<section class=\"elementor-section elementor-top-section elementor-element elementor-element-632c02f elementor-section-stretched elementor-section-boxed elementor-section-height-default elementor-section-height-default\" data-id=\"632c02f\" data-element_type=\"section\" data-settings=\"{&quot;background_background&quot;:&quot;classic&quot;,&quot;stretch_section&quot;:&quot;section-stretched&quot;,&quot;dotlife_ext_is_background_parallax&quot;:&quot;false&quot;}\">\n\t\t\t\t\t\t<div class=\"elementor-container elementor-column-gap-default\">\n\t\t\t\t\t<div class=\"elementor-column elementor-col-50 elementor-top-column elementor-element elementor-element-2ff891c\" data-id=\"2ff891c\" data-element_type=\"column\" data-settings=\"{&quot;dotlife_ext_link_sidemenu&quot;:&quot;false&quot;,&quot;dotlife_ext_link_fullmenu&quot;:&quot;false&quot;,&quot;dotlife_ext_link_closed_fullmenu&quot;:&quot;false&quot;,&quot;dotlife_ext_is_scrollme&quot;:&quot;false&quot;,&quot;dotlife_ext_is_smoove&quot;:&quot;false&quot;,&quot;dotlife_ext_is_parallax_mouse&quot;:&quot;false&quot;,&quot;dotlife_ext_is_infinite&quot;:&quot;false&quot;,&quot;dotlife_ext_is_fadeout_animation&quot;:&quot;false&quot;,&quot;dotlife_ext_mobile_static&quot;:&quot;false&quot;}\">\n\t\t\t<div class=\"elementor-widget-wrap elementor-element-populated\">\n\t\t\t\t\t\t<div class=\"elementor-element elementor-element-fac72d6 elementor-widget elementor-widget-heading\" data-id=\"fac72d6\" data-element_type=\"widget\" data-settings=\"{&quot;dotlife_ext_link_sidemenu&quot;:&quot;false&quot;,&quot;dotlife_ext_link_fullmenu&quot;:&quot;false&quot;,&quot;dotlife_ext_link_closed_fullmenu&quot;:&quot;false&quot;,&quot;dotlife_ext_is_scrollme&quot;:&quot;false&quot;,&quot;dotlife_ext_is_smoove&quot;:&quot;false&quot;,&quot;dotlife_ext_is_parallax_mouse&quot;:&quot;false&quot;,&quot;dotlife_ext_is_infinite&quot;:&quot;false&quot;,&quot;dotlife_ext_is_fadeout_animation&quot;:&quot;false&quot;,&quot;dotlife_ext_mobile_static&quot;:&quot;false&quot;}\" data-widget_type=\"heading.default\">\n\t\t\t\t<div class=\"elementor-widget-container\">\n\t\t\t\t\t<span class=\"elementor-heading-title elementor-size-default\">RESTEZ INFORM\u00c9<\/span>\t\t\t\t<\/div>\n\t\t\t\t<\/div>\n\t\t\t\t<div class=\"elementor-element elementor-element-8f0446b elementor-widget elementor-widget-heading\" data-id=\"8f0446b\" data-element_type=\"widget\" data-settings=\"{&quot;dotlife_ext_link_sidemenu&quot;:&quot;false&quot;,&quot;dotlife_ext_link_fullmenu&quot;:&quot;false&quot;,&quot;dotlife_ext_link_closed_fullmenu&quot;:&quot;false&quot;,&quot;dotlife_ext_is_scrollme&quot;:&quot;false&quot;,&quot;dotlife_ext_is_smoove&quot;:&quot;false&quot;,&quot;dotlife_ext_is_parallax_mouse&quot;:&quot;false&quot;,&quot;dotlife_ext_is_infinite&quot;:&quot;false&quot;,&quot;dotlife_ext_is_fadeout_animation&quot;:&quot;false&quot;,&quot;dotlife_ext_mobile_static&quot;:&quot;false&quot;}\" data-widget_type=\"heading.default\">\n\t\t\t\t<div class=\"elementor-widget-container\">\n\t\t\t\t\t<h2 class=\"elementor-heading-title elementor-size-default\">Abonnez-vous \u00e0 ma newsletter<\/h2>\t\t\t\t<\/div>\n\t\t\t\t<\/div>\n\t\t\t\t\t<\/div>\n\t\t<\/div>\n\t\t\t\t<div class=\"elementor-column elementor-col-50 elementor-top-column elementor-element elementor-element-96ee97c mc4wp-form-white\" data-id=\"96ee97c\" data-element_type=\"column\" data-settings=\"{&quot;dotlife_ext_link_sidemenu&quot;:&quot;false&quot;,&quot;dotlife_ext_link_fullmenu&quot;:&quot;false&quot;,&quot;dotlife_ext_link_closed_fullmenu&quot;:&quot;false&quot;,&quot;dotlife_ext_is_scrollme&quot;:&quot;false&quot;,&quot;dotlife_ext_is_smoove&quot;:&quot;false&quot;,&quot;dotlife_ext_is_parallax_mouse&quot;:&quot;false&quot;,&quot;dotlife_ext_is_infinite&quot;:&quot;false&quot;,&quot;dotlife_ext_is_fadeout_animation&quot;:&quot;false&quot;,&quot;dotlife_ext_mobile_static&quot;:&quot;false&quot;}\">\n\t\t\t<div class=\"elementor-widget-wrap elementor-element-populated\">\n\t\t\t\t\t\t<div class=\"elementor-element elementor-element-dd55718 elementor-widget elementor-widget-shortcode\" data-id=\"dd55718\" data-element_type=\"widget\" data-settings=\"{&quot;dotlife_ext_link_sidemenu&quot;:&quot;false&quot;,&quot;dotlife_ext_link_fullmenu&quot;:&quot;false&quot;,&quot;dotlife_ext_link_closed_fullmenu&quot;:&quot;false&quot;,&quot;dotlife_ext_is_scrollme&quot;:&quot;false&quot;,&quot;dotlife_ext_is_smoove&quot;:&quot;false&quot;,&quot;dotlife_ext_is_parallax_mouse&quot;:&quot;false&quot;,&quot;dotlife_ext_is_infinite&quot;:&quot;false&quot;,&quot;dotlife_ext_is_fadeout_animation&quot;:&quot;false&quot;,&quot;dotlife_ext_mobile_static&quot;:&quot;false&quot;}\" data-widget_type=\"shortcode.default\">\n\t\t\t\t<div class=\"elementor-widget-container\">\n\t\t\t\t\t\t\t<div class=\"elementor-shortcode\">                <div class=\"ml-embedded\" data-form=\"tmCQ2O\"><\/div>\n            <\/div>\n\t\t\t\t\t\t<\/div>\n\t\t\t\t<\/div>\n\t\t\t\t\t<\/div>\n\t\t<\/div>\n\t\t\t\t\t<\/div>\n\t\t<\/section>\t\t<\/div>","protected":false},"excerpt":{"rendered":"<p>Overview: In today&#8217;s highly competitive and interconnected world, personal branding has become a critical component for professionals aiming to stand [&hellip;]<\/p>","protected":false},"author":2,"featured_media":0,"parent":0,"menu_order":0,"comment_status":"closed","ping_status":"closed","template":"","meta":{"om_disable_all_campaigns":false,"_monsterinsights_skip_tracking":false,"_monsterinsights_sitenote_active":false,"_monsterinsights_sitenote_note":"","_monsterinsights_sitenote_category":0,"footnotes":""},"class_list":["post-4445","page","type-page","status-publish","hentry"],"yoast_head":"<!-- This site is optimized with the Yoast SEO plugin v24.8.1 - https:\/\/yoast.com\/wordpress\/plugins\/seo\/ -->\n<title>Manage your Image \u2013 Create your Personal Branding - Zensense<\/title>\n<meta name=\"robots\" content=\"index, follow, max-snippet:-1, max-image-preview:large, max-video-preview:-1\" \/>\n<link rel=\"canonical\" href=\"https:\/\/zensense.mumanage-your-image-create-your-personal-branding\/\" \/>\n<meta property=\"og:locale\" content=\"fr_FR\" \/>\n<meta property=\"og:type\" content=\"article\" \/>\n<meta property=\"og:title\" content=\"Manage your Image \u2013 Create your Personal Branding - Zensense\" \/>\n<meta property=\"og:description\" content=\"Overview: In today&#8217;s highly competitive and interconnected world, personal branding has become a critical component for professionals aiming to stand [&hellip;]\" \/>\n<meta property=\"og:url\" content=\"https:\/\/zensense.mumanage-your-image-create-your-personal-branding\/\" \/>\n<meta property=\"og:site_name\" content=\"Zensense\" \/>\n<meta property=\"article:publisher\" content=\"https:\/\/www.facebook.com\/Zensense.mu\" \/>\n<meta property=\"article:modified_time\" content=\"2023-07-06T13:58:45+00:00\" \/>\n<meta name=\"twitter:card\" content=\"summary_large_image\" \/>\n<meta name=\"twitter:label1\" content=\"Dur\u00e9e de lecture estim\u00e9e\" \/>\n\t<meta name=\"twitter:data1\" content=\"2 minutes\" \/>\n<script type=\"application\/ld+json\" class=\"yoast-schema-graph\">{\"@context\":\"https:\/\/schema.org\",\"@graph\":[{\"@type\":\"WebPage\",\"@id\":\"https:\/\/zensense.mumanage-your-image-create-your-personal-branding\/\",\"url\":\"https:\/\/zensense.mumanage-your-image-create-your-personal-branding\/\",\"name\":\"Manage your Image \u2013 Create your Personal Branding - Zensense\",\"isPartOf\":{\"@id\":\"https:\/\/zensense.mu\/#website\"},\"datePublished\":\"2023-07-03T18:03:36+00:00\",\"dateModified\":\"2023-07-06T13:58:45+00:00\",\"breadcrumb\":{\"@id\":\"https:\/\/zensense.mumanage-your-image-create-your-personal-branding\/#breadcrumb\"},\"inLanguage\":\"fr-FR\",\"potentialAction\":[{\"@type\":\"ReadAction\",\"target\":[\"https:\/\/zensense.mumanage-your-image-create-your-personal-branding\/\"]}]},{\"@type\":\"BreadcrumbList\",\"@id\":\"https:\/\/zensense.mumanage-your-image-create-your-personal-branding\/#breadcrumb\",\"itemListElement\":[{\"@type\":\"ListItem\",\"position\":1,\"name\":\"Home\",\"item\":\"https:\/\/zensense.mu\/\"},{\"@type\":\"ListItem\",\"position\":2,\"name\":\"Manage your Image \u2013 Create your Personal Branding\"}]},{\"@type\":\"WebSite\",\"@id\":\"https:\/\/zensense.mu\/#website\",\"url\":\"https:\/\/zensense.mu\/\",\"name\":\"Zensense.mu\",\"description\":\"Grow your potential\",\"publisher\":{\"@id\":\"https:\/\/zensense.mu\/#organization\"},\"potentialAction\":[{\"@type\":\"SearchAction\",\"target\":{\"@type\":\"EntryPoint\",\"urlTemplate\":\"https:\/\/zensense.mu\/?s={search_term_string}\"},\"query-input\":{\"@type\":\"PropertyValueSpecification\",\"valueRequired\":true,\"valueName\":\"search_term_string\"}}],\"inLanguage\":\"fr-FR\"},{\"@type\":\"Organization\",\"@id\":\"https:\/\/zensense.mu\/#organization\",\"name\":\"Zensense.mu\",\"url\":\"https:\/\/zensense.mu\/\",\"logo\":{\"@type\":\"ImageObject\",\"inLanguage\":\"fr-FR\",\"@id\":\"https:\/\/zensense.mu\/#\/schema\/logo\/image\/\",\"url\":\"https:\/\/i0.wp.com\/zensense.mu\/wp-content\/uploads\/2023\/07\/Zensense.mu_Logo_5005x500.png?fit=500%2C500&ssl=1\",\"contentUrl\":\"https:\/\/i0.wp.com\/zensense.mu\/wp-content\/uploads\/2023\/07\/Zensense.mu_Logo_5005x500.png?fit=500%2C500&ssl=1\",\"width\":500,\"height\":500,\"caption\":\"Zensense.mu\"},\"image\":{\"@id\":\"https:\/\/zensense.mu\/#\/schema\/logo\/image\/\"},\"sameAs\":[\"https:\/\/www.facebook.com\/Zensense.mu\"]}]}<\/script>\n<!-- \/ Yoast SEO plugin. -->","yoast_head_json":{"title":"Manage your Image \u2013 Create your Personal Branding - Zensense","robots":{"index":"index","follow":"follow","max-snippet":"max-snippet:-1","max-image-preview":"max-image-preview:large","max-video-preview":"max-video-preview:-1"},"canonical":"https:\/\/zensense.mumanage-your-image-create-your-personal-branding\/","og_locale":"fr_FR","og_type":"article","og_title":"Manage your Image \u2013 Create your Personal Branding - Zensense","og_description":"Overview: In today&#8217;s highly competitive and interconnected world, personal branding has become a critical component for professionals aiming to stand [&hellip;]","og_url":"https:\/\/zensense.mumanage-your-image-create-your-personal-branding\/","og_site_name":"Zensense","article_publisher":"https:\/\/www.facebook.com\/Zensense.mu","article_modified_time":"2023-07-06T13:58:45+00:00","twitter_card":"summary_large_image","twitter_misc":{"Dur\u00e9e de lecture estim\u00e9e":"2 minutes"},"schema":{"@context":"https:\/\/schema.org","@graph":[{"@type":"WebPage","@id":"https:\/\/zensense.mumanage-your-image-create-your-personal-branding\/","url":"https:\/\/zensense.mumanage-your-image-create-your-personal-branding\/","name":"Manage your Image \u2013 Create your Personal Branding - Zensense","isPartOf":{"@id":"https:\/\/zensense.mu\/#website"},"datePublished":"2023-07-03T18:03:36+00:00","dateModified":"2023-07-06T13:58:45+00:00","breadcrumb":{"@id":"https:\/\/zensense.mumanage-your-image-create-your-personal-branding\/#breadcrumb"},"inLanguage":"fr-FR","potentialAction":[{"@type":"ReadAction","target":["https:\/\/zensense.mumanage-your-image-create-your-personal-branding\/"]}]},{"@type":"BreadcrumbList","@id":"https:\/\/zensense.mumanage-your-image-create-your-personal-branding\/#breadcrumb","itemListElement":[{"@type":"ListItem","position":1,"name":"Home","item":"https:\/\/zensense.mu\/"},{"@type":"ListItem","position":2,"name":"Manage your Image \u2013 Create your Personal Branding"}]},{"@type":"WebSite","@id":"https:\/\/zensense.mu\/#website","url":"https:\/\/zensense.mu\/","name":"Zensense.mu","description":"Grow your potential","publisher":{"@id":"https:\/\/zensense.mu\/#organization"},"potentialAction":[{"@type":"SearchAction","target":{"@type":"EntryPoint","urlTemplate":"https:\/\/zensense.mu\/?s={search_term_string}"},"query-input":{"@type":"PropertyValueSpecification","valueRequired":true,"valueName":"search_term_string"}}],"inLanguage":"fr-FR"},{"@type":"Organization","@id":"https:\/\/zensense.mu\/#organization","name":"Zensense.mu","url":"https:\/\/zensense.mu\/","logo":{"@type":"ImageObject","inLanguage":"fr-FR","@id":"https:\/\/zensense.mu\/#\/schema\/logo\/image\/","url":"https:\/\/i0.wp.com\/zensense.mu\/wp-content\/uploads\/2023\/07\/Zensense.mu_Logo_5005x500.png?fit=500%2C500&ssl=1","contentUrl":"https:\/\/i0.wp.com\/zensense.mu\/wp-content\/uploads\/2023\/07\/Zensense.mu_Logo_5005x500.png?fit=500%2C500&ssl=1","width":500,"height":500,"caption":"Zensense.mu"},"image":{"@id":"https:\/\/zensense.mu\/#\/schema\/logo\/image\/"},"sameAs":["https:\/\/www.facebook.com\/Zensense.mu"]}]}},"_links":{"self":[{"href":"https:\/\/zensense.mu\/fr\/wp-json\/wp\/v2\/pages\/4445","targetHints":{"allow":["GET"]}}],"collection":[{"href":"https:\/\/zensense.mu\/fr\/wp-json\/wp\/v2\/pages"}],"about":[{"href":"https:\/\/zensense.mu\/fr\/wp-json\/wp\/v2\/types\/page"}],"author":[{"embeddable":true,"href":"https:\/\/zensense.mu\/fr\/wp-json\/wp\/v2\/users\/2"}],"replies":[{"embeddable":true,"href":"https:\/\/zensense.mu\/fr\/wp-json\/wp\/v2\/comments?post=4445"}],"version-history":[{"count":5,"href":"https:\/\/zensense.mu\/fr\/wp-json\/wp\/v2\/pages\/4445\/revisions"}],"predecessor-version":[{"id":4878,"href":"https:\/\/zensense.mu\/fr\/wp-json\/wp\/v2\/pages\/4445\/revisions\/4878"}],"wp:attachment":[{"href":"https:\/\/zensense.mu\/fr\/wp-json\/wp\/v2\/media?parent=4445"}],"curies":[{"name":"wp","href":"https:\/\/api.w.org\/{rel}","templated":true}]}}