{"id":4450,"date":"2023-07-03T18:11:43","date_gmt":"2023-07-03T18:11:43","guid":{"rendered":"https:\/\/zensense.mu?page_id=4450"},"modified":"2025-04-16T15:33:04","modified_gmt":"2025-04-16T11:33:04","slug":"the-entrepreneurs-journey-unlock-your-potential","status":"publish","type":"page","link":"https:\/\/zensense.mu\/fr\/the-entrepreneurs-journey-unlock-your-potential\/","title":{"rendered":"Le Parcours de l'Entrepreneur - Lib\u00e9rez votre Potentiel"},"content":{"rendered":"<div data-elementor-type=\"wp-page\" data-elementor-id=\"4450\" class=\"elementor elementor-4450\">\n\t\t\t\t<section class=\"elementor-section elementor-top-section elementor-element elementor-element-79efdc81 elementor-section-boxed elementor-section-height-default elementor-section-height-default\" data-id=\"79efdc81\" data-element_type=\"section\" data-settings=\"{&quot;dotlife_ext_is_background_parallax&quot;:&quot;false&quot;}\">\n\t\t\t\t\t\t<div class=\"elementor-container elementor-column-gap-default\">\n\t\t\t\t\t<div class=\"elementor-column elementor-col-100 elementor-top-column elementor-element elementor-element-2908b244\" data-id=\"2908b244\" data-element_type=\"column\" data-settings=\"{&quot;dotlife_ext_link_sidemenu&quot;:&quot;false&quot;,&quot;dotlife_ext_link_fullmenu&quot;:&quot;false&quot;,&quot;dotlife_ext_link_closed_fullmenu&quot;:&quot;false&quot;,&quot;dotlife_ext_is_scrollme&quot;:&quot;false&quot;,&quot;dotlife_ext_is_smoove&quot;:&quot;false&quot;,&quot;dotlife_ext_is_parallax_mouse&quot;:&quot;false&quot;,&quot;dotlife_ext_is_infinite&quot;:&quot;false&quot;,&quot;dotlife_ext_is_fadeout_animation&quot;:&quot;false&quot;,&quot;dotlife_ext_mobile_static&quot;:&quot;false&quot;}\">\n\t\t\t<div class=\"elementor-widget-wrap elementor-element-populated\">\n\t\t\t\t\t\t<div class=\"elementor-element elementor-element-6e86a39e elementor-widget elementor-widget-text-editor\" data-id=\"6e86a39e\" data-element_type=\"widget\" data-settings=\"{&quot;dotlife_ext_link_sidemenu&quot;:&quot;false&quot;,&quot;dotlife_ext_link_fullmenu&quot;:&quot;false&quot;,&quot;dotlife_ext_link_closed_fullmenu&quot;:&quot;false&quot;,&quot;dotlife_ext_is_scrollme&quot;:&quot;false&quot;,&quot;dotlife_ext_is_smoove&quot;:&quot;false&quot;,&quot;dotlife_ext_is_parallax_mouse&quot;:&quot;false&quot;,&quot;dotlife_ext_is_infinite&quot;:&quot;false&quot;,&quot;dotlife_ext_is_fadeout_animation&quot;:&quot;false&quot;,&quot;dotlife_ext_mobile_static&quot;:&quot;false&quot;}\" data-widget_type=\"text-editor.default\">\n\t\t\t\t<div class=\"elementor-widget-container\"><h3 class=\"wp-block-heading\"><strong>Aper\u00e7u : <\/strong><\/h3>\n<p>Dans le paysage commercial fortement comp\u00e9titif, les aspirants entrepreneurs doivent poss\u00e9der un ensemble unique de comp\u00e9tences pour naviguer \u00e0 travers les d\u00e9fis, saisir les opportunit\u00e9s de croissance et lib\u00e9rer leur plein potentiel. Ce cours complet, Le Parcours de l'Entrepreneur - Lib\u00e9rez Votre Potentiel, offre des perspectives pr\u00e9cieuses et des strat\u00e9gies pratiques d'un formateur d'entreprise exp\u00e9riment\u00e9 avec une exp\u00e9rience en C-suite. Les participants seront habilit\u00e9s \u00e0 d\u00e9velopper leur acuit\u00e9 en leadership, \u00e0 cultiver un \u00e9tat d'esprit de croissance, et \u00e0 ma\u00eetriser les techniques de communication num\u00e9rique et de branding pour exceller dans leurs activit\u00e9s entrepreneuriales.<\/p>\n<h3><strong><br \/>Points Forts du Contenu :<\/strong><\/h3>\n<ol>\n<li><strong>Compr\u00e9hension de l'\u00e9tat d'esprit entrepreneurial<\/strong><\/li>\n<li><strong>Leadership Strat\u00e9gique pour les Entrepreneurs<\/strong><\/li>\n<li><strong>Communication Num\u00e9rique et Branding<\/strong><\/li>\n<li><strong>Naviguer dans le Paysage Concurrentiel<\/strong><\/li>\n<li><strong>Acuit\u00e9 Financi\u00e8re pour les Entrepreneurs<\/strong><\/li>\n<\/ol>\n<h3><strong><br \/>R\u00e9sultats d\u2019Apprentissage : <\/strong><\/h3>\n<p><strong>\u00c0 la fin de ce cours, les participants seront en mesure de :<\/strong><\/p>\n<ul>\n<li>Adopter un \u00e9tat d'esprit entrepreneurial et affronter les d\u00e9fis avec confiance et r\u00e9silience.<\/li>\n<li>D\u00e9montrer des comp\u00e9tences en leadership strat\u00e9gique pour inspirer et guider efficacement leurs \u00e9quipes.<\/li>\n<li>Utiliser les techniques de communication num\u00e9rique et de branding pour am\u00e9liorer la visibilit\u00e9 et la r\u00e9putation de leur entreprise.<\/li>\n<li>Naviguer dans le paysage concurrentiel avec discernement et adaptabilit\u00e9 dans la prise de d\u00e9cision.<\/li>\n<li>Poss\u00e9der une acuit\u00e9 financi\u00e8re pour prendre des d\u00e9cisions commerciales prudentes et assurer la stabilit\u00e9 financi\u00e8re.<\/li>\n<\/ul>\n<h3><strong><br \/>M\u00e9thodologie :<\/strong><\/h3>\n<ol>\n<li><strong>Ateliers Interactifs : <\/strong>Ateliers dynamiques qui encouragent la participation active, les discussions et les activit\u00e9s de groupe, favorisant un environnement d'apprentissage collaboratif.<\/li>\n<li class=\"translation-block\"><strong>\u00c9tudes de Cas R\u00e9els : <\/strong>Analyse des succ\u00e8s et des d\u00e9fis entrepreneuriaux r\u00e9els pour en tirer des enseignements pratiques et des strat\u00e9gies efficaces.<\/li>\n<li><strong>Conf\u00e9renciers Invit\u00e9s : <\/strong>Invitation d'entrepreneurs \u00e0 succ\u00e8s et d'experts du secteur pour partager leurs exp\u00e9riences et offrir inspiration et conseils.<\/li>\n<li><strong>Exercices Pratiques : <\/strong>Exercices pratiques et simulations pour appliquer les concepts appris et d\u00e9velopper des plans d\u2019action concrets.<\/li>\n<li class=\"translation-block\"><strong>Coaching Personnalis\u00e9 : <\/strong>S\u00e9ances de coaching individuelles pour aborder les d\u00e9fis individuels et fournir des conseils adapt\u00e9s.<\/li>\n<\/ol>\n<h3><strong><br \/>Audience Cibl\u00e9e : <\/strong><\/h3>\n<p>Ce cours est con\u00e7u pour les aspirants entrepreneurs qui souhaitent renforcer leurs comp\u00e9tences en leadership, d\u00e9velopper un esprit de croissance et exceller en communication num\u00e9rique et en branding. Il convient aux personnes \u00e0 diff\u00e9rents stades de leur parcours entrepreneurial, y compris les entrepreneurs d\u00e9butants, les propri\u00e9taires d'entreprise et les professionnels envisageant une transition vers l\u2019entrepreneuriat.<\/p>\n<p>Lib\u00e9rez votre potentiel et engagez-vous dans un parcours entrepreneurial transformateur avec nous !<\/p><\/div>\n\t\t\t\t<\/div>\n\t\t\t\t\t<\/div>\n\t\t<\/div>\n\t\t\t\t\t<\/div>\n\t\t<\/section>\n\t\t\t\t<section class=\"elementor-section elementor-top-section elementor-element elementor-element-7849aec elementor-section-boxed elementor-section-height-default elementor-section-height-default\" data-id=\"7849aec\" data-element_type=\"section\" data-settings=\"{&quot;dotlife_ext_is_background_parallax&quot;:&quot;false&quot;}\">\n\t\t\t\t\t\t<div class=\"elementor-container elementor-column-gap-default\">\n\t\t\t\t\t<div class=\"elementor-column elementor-col-100 elementor-top-column elementor-element elementor-element-5482123\" data-id=\"5482123\" data-element_type=\"column\" data-settings=\"{&quot;dotlife_ext_link_sidemenu&quot;:&quot;false&quot;,&quot;dotlife_ext_link_fullmenu&quot;:&quot;false&quot;,&quot;dotlife_ext_link_closed_fullmenu&quot;:&quot;false&quot;,&quot;dotlife_ext_is_scrollme&quot;:&quot;false&quot;,&quot;dotlife_ext_is_smoove&quot;:&quot;false&quot;,&quot;dotlife_ext_is_parallax_mouse&quot;:&quot;false&quot;,&quot;dotlife_ext_is_infinite&quot;:&quot;false&quot;,&quot;dotlife_ext_is_fadeout_animation&quot;:&quot;false&quot;,&quot;dotlife_ext_mobile_static&quot;:&quot;false&quot;}\">\n\t\t\t<div class=\"elementor-widget-wrap\">\n\t\t\t\t\t\t\t<\/div>\n\t\t<\/div>\n\t\t\t\t\t<\/div>\n\t\t<\/section>\n\t\t\t\t<section class=\"elementor-section elementor-top-section elementor-element elementor-element-ce831f2 elementor-section-stretched elementor-section-boxed elementor-section-height-default elementor-section-height-default\" data-id=\"ce831f2\" data-element_type=\"section\" data-settings=\"{&quot;stretch_section&quot;:&quot;section-stretched&quot;,&quot;background_background&quot;:&quot;classic&quot;,&quot;dotlife_ext_is_background_parallax&quot;:&quot;false&quot;}\">\n\t\t\t\t\t\t<div class=\"elementor-container elementor-column-gap-default\">\n\t\t\t\t\t<div class=\"elementor-column elementor-col-16 elementor-top-column elementor-element elementor-element-42c33b8\" data-id=\"42c33b8\" data-element_type=\"column\" data-settings=\"{&quot;dotlife_ext_link_sidemenu&quot;:&quot;false&quot;,&quot;dotlife_ext_link_fullmenu&quot;:&quot;false&quot;,&quot;dotlife_ext_link_closed_fullmenu&quot;:&quot;false&quot;,&quot;dotlife_ext_is_scrollme&quot;:&quot;false&quot;,&quot;dotlife_ext_is_smoove&quot;:&quot;false&quot;,&quot;dotlife_ext_is_parallax_mouse&quot;:&quot;false&quot;,&quot;dotlife_ext_is_infinite&quot;:&quot;false&quot;,&quot;dotlife_ext_is_fadeout_animation&quot;:&quot;false&quot;,&quot;dotlife_ext_mobile_static&quot;:&quot;false&quot;}\">\n\t\t\t<div class=\"elementor-widget-wrap elementor-element-populated\">\n\t\t\t\t\t\t<div class=\"elementor-element elementor-element-a36e485 elementor-view-default elementor-widget elementor-widget-icon\" data-id=\"a36e485\" data-element_type=\"widget\" data-settings=\"{&quot;dotlife_ext_link_sidemenu&quot;:&quot;false&quot;,&quot;dotlife_ext_link_fullmenu&quot;:&quot;false&quot;,&quot;dotlife_ext_link_closed_fullmenu&quot;:&quot;false&quot;,&quot;dotlife_ext_is_scrollme&quot;:&quot;false&quot;,&quot;dotlife_ext_is_smoove&quot;:&quot;false&quot;,&quot;dotlife_ext_is_parallax_mouse&quot;:&quot;false&quot;,&quot;dotlife_ext_is_infinite&quot;:&quot;false&quot;,&quot;dotlife_ext_is_fadeout_animation&quot;:&quot;false&quot;,&quot;dotlife_ext_mobile_static&quot;:&quot;false&quot;}\" data-widget_type=\"icon.default\">\n\t\t\t\t<div class=\"elementor-widget-container\">\n\t\t\t\t\t\t\t<div class=\"elementor-icon-wrapper\">\n\t\t\t<a class=\"elementor-icon\" href=\"https:\/\/zensense.mu\/fr\/corporate-training\/\">\n\t\t\t<i aria-hidden=\"true\" class=\"far fa-arrow-alt-circle-left\"><\/i>\t\t\t<\/a>\n\t\t<\/div>\n\t\t\t\t\t\t<\/div>\n\t\t\t\t<\/div>\n\t\t\t\t\t<\/div>\n\t\t<\/div>\n\t\t\t\t<div class=\"elementor-column elementor-col-66 elementor-top-column elementor-element elementor-element-b99c08b\" data-id=\"b99c08b\" data-element_type=\"column\" data-settings=\"{&quot;dotlife_ext_link_sidemenu&quot;:&quot;false&quot;,&quot;dotlife_ext_link_fullmenu&quot;:&quot;false&quot;,&quot;dotlife_ext_link_closed_fullmenu&quot;:&quot;false&quot;,&quot;dotlife_ext_is_scrollme&quot;:&quot;false&quot;,&quot;dotlife_ext_is_smoove&quot;:&quot;false&quot;,&quot;dotlife_ext_is_parallax_mouse&quot;:&quot;false&quot;,&quot;dotlife_ext_is_infinite&quot;:&quot;false&quot;,&quot;dotlife_ext_is_fadeout_animation&quot;:&quot;false&quot;,&quot;dotlife_ext_mobile_static&quot;:&quot;false&quot;}\">\n\t\t\t<div class=\"elementor-widget-wrap elementor-element-populated\">\n\t\t\t\t\t\t<div class=\"elementor-element elementor-element-ca3783a animated-fast elementor-widget__width-initial elementor-align-center elementor-invisible elementor-widget elementor-widget-button\" data-id=\"ca3783a\" data-element_type=\"widget\" data-settings=\"{&quot;_animation&quot;:&quot;fadeInUp&quot;,&quot;_animation_delay&quot;:600,&quot;dotlife_ext_link_sidemenu&quot;:&quot;false&quot;,&quot;dotlife_ext_link_fullmenu&quot;:&quot;false&quot;,&quot;dotlife_ext_link_closed_fullmenu&quot;:&quot;false&quot;,&quot;dotlife_ext_is_scrollme&quot;:&quot;false&quot;,&quot;dotlife_ext_is_smoove&quot;:&quot;false&quot;,&quot;dotlife_ext_is_parallax_mouse&quot;:&quot;false&quot;,&quot;dotlife_ext_is_infinite&quot;:&quot;false&quot;,&quot;dotlife_ext_is_fadeout_animation&quot;:&quot;false&quot;,&quot;dotlife_ext_mobile_static&quot;:&quot;false&quot;}\" data-widget_type=\"button.default\">\n\t\t\t\t<div class=\"elementor-widget-container\">\n\t\t\t\t\t\t\t\t\t<div class=\"elementor-button-wrapper\">\n\t\t\t\t\t<a class=\"elementor-button elementor-button-link elementor-size-sm elementor-animation-grow\" href=\"https:\/\/zensense.mu\/fr\/contact-me\/\">\n\t\t\t\t\t\t<span class=\"elementor-button-content-wrapper\">\n\t\t\t\t\t\t\t\t\t<span class=\"elementor-button-text\">SE CONNECTER MAINTENANT<\/span>\n\t\t\t\t\t<\/span>\n\t\t\t\t\t<\/a>\n\t\t\t\t<\/div>\n\t\t\t\t\t\t\t\t<\/div>\n\t\t\t\t<\/div>\n\t\t\t\t\t<\/div>\n\t\t<\/div>\n\t\t\t\t<div class=\"elementor-column elementor-col-16 elementor-top-column elementor-element elementor-element-26ad7aa\" data-id=\"26ad7aa\" data-element_type=\"column\" data-settings=\"{&quot;dotlife_ext_link_sidemenu&quot;:&quot;false&quot;,&quot;dotlife_ext_link_fullmenu&quot;:&quot;false&quot;,&quot;dotlife_ext_link_closed_fullmenu&quot;:&quot;false&quot;,&quot;dotlife_ext_is_scrollme&quot;:&quot;false&quot;,&quot;dotlife_ext_is_smoove&quot;:&quot;false&quot;,&quot;dotlife_ext_is_parallax_mouse&quot;:&quot;false&quot;,&quot;dotlife_ext_is_infinite&quot;:&quot;false&quot;,&quot;dotlife_ext_is_fadeout_animation&quot;:&quot;false&quot;,&quot;dotlife_ext_mobile_static&quot;:&quot;false&quot;}\">\n\t\t\t<div class=\"elementor-widget-wrap\">\n\t\t\t\t\t\t\t<\/div>\n\t\t<\/div>\n\t\t\t\t\t<\/div>\n\t\t<\/section>\t\t<\/div>","protected":false},"excerpt":{"rendered":"<p>Overview: In the fiercely competitive business landscape, aspiring entrepreneurs need a unique set of skills to navigate challenges, embrace growth [&hellip;]<\/p>","protected":false},"author":2,"featured_media":0,"parent":0,"menu_order":0,"comment_status":"closed","ping_status":"closed","template":"","meta":{"om_disable_all_campaigns":false,"_monsterinsights_skip_tracking":false,"_monsterinsights_sitenote_active":false,"_monsterinsights_sitenote_note":"","_monsterinsights_sitenote_category":0,"footnotes":""},"class_list":["post-4450","page","type-page","status-publish","hentry"],"yoast_head":"<!-- This site is optimized with the Yoast SEO plugin v24.8.1 - https:\/\/yoast.com\/wordpress\/plugins\/seo\/ -->\n<title>The Entrepreneur\u2019s Journey \u2013 Unlock your Potential - Zensense<\/title>\n<meta name=\"robots\" content=\"index, follow, max-snippet:-1, max-image-preview:large, max-video-preview:-1\" \/>\n<link rel=\"canonical\" href=\"https:\/\/zensense.mu\/fr\/the-entrepreneurs-journey-unlock-your-potential\/\" \/>\n<meta property=\"og:locale\" content=\"fr_FR\" \/>\n<meta property=\"og:type\" content=\"article\" \/>\n<meta property=\"og:title\" content=\"The Entrepreneur\u2019s Journey \u2013 Unlock your Potential - Zensense\" \/>\n<meta property=\"og:description\" content=\"Overview: In the fiercely competitive business landscape, aspiring entrepreneurs need a unique set of skills to navigate challenges, embrace growth [&hellip;]\" \/>\n<meta property=\"og:url\" content=\"https:\/\/zensense.mu\/fr\/the-entrepreneurs-journey-unlock-your-potential\/\" \/>\n<meta property=\"og:site_name\" content=\"Zensense\" \/>\n<meta property=\"article:publisher\" content=\"https:\/\/www.facebook.com\/Zensense.mu\" \/>\n<meta property=\"article:modified_time\" content=\"2025-04-16T11:33:04+00:00\" \/>\n<meta name=\"twitter:card\" content=\"summary_large_image\" \/>\n<meta name=\"twitter:label1\" content=\"Dur\u00e9e de lecture estim\u00e9e\" \/>\n\t<meta name=\"twitter:data1\" content=\"2 minutes\" \/>\n<script type=\"application\/ld+json\" class=\"yoast-schema-graph\">{\"@context\":\"https:\/\/schema.org\",\"@graph\":[{\"@type\":\"WebPage\",\"@id\":\"https:\/\/zensense.mu\/the-entrepreneurs-journey-unlock-your-potential\/\",\"url\":\"https:\/\/zensense.mu\/the-entrepreneurs-journey-unlock-your-potential\/\",\"name\":\"The Entrepreneur\u2019s Journey \u2013 Unlock your Potential - Zensense\",\"isPartOf\":{\"@id\":\"https:\/\/zensense.mu\/#website\"},\"datePublished\":\"2023-07-03T18:11:43+00:00\",\"dateModified\":\"2025-04-16T11:33:04+00:00\",\"breadcrumb\":{\"@id\":\"https:\/\/zensense.mu\/the-entrepreneurs-journey-unlock-your-potential\/#breadcrumb\"},\"inLanguage\":\"fr-FR\",\"potentialAction\":[{\"@type\":\"ReadAction\",\"target\":[\"https:\/\/zensense.mu\/the-entrepreneurs-journey-unlock-your-potential\/\"]}]},{\"@type\":\"BreadcrumbList\",\"@id\":\"https:\/\/zensense.mu\/the-entrepreneurs-journey-unlock-your-potential\/#breadcrumb\",\"itemListElement\":[{\"@type\":\"ListItem\",\"position\":1,\"name\":\"Home\",\"item\":\"https:\/\/zensense.mu\/\"},{\"@type\":\"ListItem\",\"position\":2,\"name\":\"The Entrepreneur\u2019s Journey \u2013 Unlock your Potential\"}]},{\"@type\":\"WebSite\",\"@id\":\"https:\/\/zensense.mu\/#website\",\"url\":\"https:\/\/zensense.mu\/\",\"name\":\"Zensense.mu\",\"description\":\"Grow your potential\",\"publisher\":{\"@id\":\"https:\/\/zensense.mu\/#organization\"},\"potentialAction\":[{\"@type\":\"SearchAction\",\"target\":{\"@type\":\"EntryPoint\",\"urlTemplate\":\"https:\/\/zensense.mu\/?s={search_term_string}\"},\"query-input\":{\"@type\":\"PropertyValueSpecification\",\"valueRequired\":true,\"valueName\":\"search_term_string\"}}],\"inLanguage\":\"fr-FR\"},{\"@type\":\"Organization\",\"@id\":\"https:\/\/zensense.mu\/#organization\",\"name\":\"Zensense.mu\",\"url\":\"https:\/\/zensense.mu\/\",\"logo\":{\"@type\":\"ImageObject\",\"inLanguage\":\"fr-FR\",\"@id\":\"https:\/\/zensense.mu\/#\/schema\/logo\/image\/\",\"url\":\"https:\/\/i0.wp.com\/zensense.mu\/wp-content\/uploads\/2023\/07\/Zensense.mu_Logo_5005x500.png?fit=500%2C500&ssl=1\",\"contentUrl\":\"https:\/\/i0.wp.com\/zensense.mu\/wp-content\/uploads\/2023\/07\/Zensense.mu_Logo_5005x500.png?fit=500%2C500&ssl=1\",\"width\":500,\"height\":500,\"caption\":\"Zensense.mu\"},\"image\":{\"@id\":\"https:\/\/zensense.mu\/#\/schema\/logo\/image\/\"},\"sameAs\":[\"https:\/\/www.facebook.com\/Zensense.mu\"]}]}<\/script>\n<!-- \/ Yoast SEO plugin. -->","yoast_head_json":{"title":"The Entrepreneur\u2019s Journey \u2013 Unlock your Potential - Zensense","robots":{"index":"index","follow":"follow","max-snippet":"max-snippet:-1","max-image-preview":"max-image-preview:large","max-video-preview":"max-video-preview:-1"},"canonical":"https:\/\/zensense.mu\/fr\/the-entrepreneurs-journey-unlock-your-potential\/","og_locale":"fr_FR","og_type":"article","og_title":"The Entrepreneur\u2019s Journey \u2013 Unlock your Potential - Zensense","og_description":"Overview: In the fiercely competitive business landscape, aspiring entrepreneurs need a unique set of skills to navigate challenges, embrace growth [&hellip;]","og_url":"https:\/\/zensense.mu\/fr\/the-entrepreneurs-journey-unlock-your-potential\/","og_site_name":"Zensense","article_publisher":"https:\/\/www.facebook.com\/Zensense.mu","article_modified_time":"2025-04-16T11:33:04+00:00","twitter_card":"summary_large_image","twitter_misc":{"Dur\u00e9e de lecture estim\u00e9e":"2 minutes"},"schema":{"@context":"https:\/\/schema.org","@graph":[{"@type":"WebPage","@id":"https:\/\/zensense.mu\/the-entrepreneurs-journey-unlock-your-potential\/","url":"https:\/\/zensense.mu\/the-entrepreneurs-journey-unlock-your-potential\/","name":"The Entrepreneur\u2019s Journey \u2013 Unlock your Potential - Zensense","isPartOf":{"@id":"https:\/\/zensense.mu\/#website"},"datePublished":"2023-07-03T18:11:43+00:00","dateModified":"2025-04-16T11:33:04+00:00","breadcrumb":{"@id":"https:\/\/zensense.mu\/the-entrepreneurs-journey-unlock-your-potential\/#breadcrumb"},"inLanguage":"fr-FR","potentialAction":[{"@type":"ReadAction","target":["https:\/\/zensense.mu\/the-entrepreneurs-journey-unlock-your-potential\/"]}]},{"@type":"BreadcrumbList","@id":"https:\/\/zensense.mu\/the-entrepreneurs-journey-unlock-your-potential\/#breadcrumb","itemListElement":[{"@type":"ListItem","position":1,"name":"Home","item":"https:\/\/zensense.mu\/"},{"@type":"ListItem","position":2,"name":"The Entrepreneur\u2019s Journey \u2013 Unlock your Potential"}]},{"@type":"WebSite","@id":"https:\/\/zensense.mu\/#website","url":"https:\/\/zensense.mu\/","name":"Zensense.mu","description":"Grow your potential","publisher":{"@id":"https:\/\/zensense.mu\/#organization"},"potentialAction":[{"@type":"SearchAction","target":{"@type":"EntryPoint","urlTemplate":"https:\/\/zensense.mu\/?s={search_term_string}"},"query-input":{"@type":"PropertyValueSpecification","valueRequired":true,"valueName":"search_term_string"}}],"inLanguage":"fr-FR"},{"@type":"Organization","@id":"https:\/\/zensense.mu\/#organization","name":"Zensense.mu","url":"https:\/\/zensense.mu\/","logo":{"@type":"ImageObject","inLanguage":"fr-FR","@id":"https:\/\/zensense.mu\/#\/schema\/logo\/image\/","url":"https:\/\/i0.wp.com\/zensense.mu\/wp-content\/uploads\/2023\/07\/Zensense.mu_Logo_5005x500.png?fit=500%2C500&ssl=1","contentUrl":"https:\/\/i0.wp.com\/zensense.mu\/wp-content\/uploads\/2023\/07\/Zensense.mu_Logo_5005x500.png?fit=500%2C500&ssl=1","width":500,"height":500,"caption":"Zensense.mu"},"image":{"@id":"https:\/\/zensense.mu\/#\/schema\/logo\/image\/"},"sameAs":["https:\/\/www.facebook.com\/Zensense.mu"]}]}},"_links":{"self":[{"href":"https:\/\/zensense.mu\/fr\/wp-json\/wp\/v2\/pages\/4450","targetHints":{"allow":["GET"]}}],"collection":[{"href":"https:\/\/zensense.mu\/fr\/wp-json\/wp\/v2\/pages"}],"about":[{"href":"https:\/\/zensense.mu\/fr\/wp-json\/wp\/v2\/types\/page"}],"author":[{"embeddable":true,"href":"https:\/\/zensense.mu\/fr\/wp-json\/wp\/v2\/users\/2"}],"replies":[{"embeddable":true,"href":"https:\/\/zensense.mu\/fr\/wp-json\/wp\/v2\/comments?post=4450"}],"version-history":[{"count":7,"href":"https:\/\/zensense.mu\/fr\/wp-json\/wp\/v2\/pages\/4450\/revisions"}],"predecessor-version":[{"id":5463,"href":"https:\/\/zensense.mu\/fr\/wp-json\/wp\/v2\/pages\/4450\/revisions\/5463"}],"wp:attachment":[{"href":"https:\/\/zensense.mu\/fr\/wp-json\/wp\/v2\/media?parent=4450"}],"curies":[{"name":"wp","href":"https:\/\/api.w.org\/{rel}","templated":true}]}}